{"id":1007,"date":"2020-10-24T21:30:27","date_gmt":"2020-10-24T21:30:27","guid":{"rendered":"https:\/\/mezcalcarreno.com\/?page_id=1007"},"modified":"2021-02-02T16:00:41","modified_gmt":"2021-02-02T22:00:41","slug":"inicio","status":"publish","type":"page","link":"https:\/\/mezcalcarreno.com\/alemania\/","title":{"rendered":"Inicio"},"content":{"rendered":"<p>[vc_row full_width=&#8221;stretch_row_content_no_spaces&#8221;][vc_column][rev_slider_vc alias=&#8221;main-organic&#8221;][\/vc_column][\/vc_row][vc_row][vc_column width=&#8221;1\/2&#8243; offset=&#8221;vc_col-lg-offset-3 vc_col-lg-6 vc_col-md-offset-2 vc_col-md-8 vc_col-sm-offset-1&#8243;][vc_row_inner][vc_column_inner][la_divider height=&#8221;lg:100px;&#8221;][vc_single_image image=&#8221;1257&#8243; img_size=&#8221;full&#8221; alignment=&#8221;center&#8221;][la_heading tag=&#8221;h1&#8243; spacer=&#8221;line&#8221; spacer_position=&#8221;bottom&#8221; line_height=&#8221;1&#8243; title=&#8221;In jeder Flasche steckt eine tolle Geschichte&#8221; line_width=&#8221;lg:100px;&#8221; line_class=&#8221;margin-top-25 margin-bottom-20&#8243; title_fz=&#8221;lg:30px;&#8221;]<strong>Mezcal Carre\u00f1o<\/strong> inspiriert uns jeden Tag, unsere Flasche wurde auf der Basis eines vorspanischen Glases aus der Stadt Mitla hergestellt, was aufgrund unserer zapotekischen Identit\u00e4t nicht anders sein k\u00f6nnte.[\/la_heading][la_divider height=&#8221;lg:100px;&#8221;][\/vc_column_inner][\/vc_row_inner][\/vc_column][\/vc_row][vc_row full_width=&#8221;stretch_row&#8221;][vc_column][vc_row_inner equal_height=&#8221;yes&#8221; content_placement=&#8221;top&#8221; gap=&#8221;10&#8243;][vc_column_inner width=&#8221;1\/3&#8243;][vc_single_image image=&#8221;1741&#8243; img_size=&#8221;full&#8221; alignment=&#8221;center&#8221; onclick=&#8221;custom_link&#8221; link=&#8221;\/mezcales\/ensamble-7\/&#8221;][la_heading tag=&#8221;h3&#8243; spacer=&#8221;line&#8221; spacer_position=&#8221;middle&#8221; line_height=&#8221;1&#8243; title=&#8221;Ensamble 7&#8243; line_width=&#8221;lg:100px;&#8221; line_class=&#8221;margin-top-25 margin-bottom-20&#8243; title_fz=&#8221;lg:18px;&#8221;][\/la_heading][vc_btn title=&#8221;Mehr erfahren&#8221; style=&#8221;outline-custom&#8221; outline_custom_color=&#8221;#666666&#8243; outline_custom_hover_background=&#8221;#d7bb66&#8243; outline_custom_hover_text=&#8221;#ffffff&#8221; shape=&#8221;square&#8221; size=&#8221;sm&#8221; align=&#8221;center&#8221; i_align=&#8221;right&#8221; i_icon_fontawesome=&#8221;fa fa-angle-right&#8221; add_icon=&#8221;true&#8221; link=&#8221;url:https%3A%2F%2Fmezcalcarreno.com%2Falemania%2Fmezcales%2Fensamble-7%2F|title:Ensamble%207||&#8221;][\/vc_column_inner][vc_column_inner width=&#8221;1\/3&#8243;][vc_single_image image=&#8221;1742&#8243; img_size=&#8221;full&#8221; alignment=&#8221;center&#8221; onclick=&#8221;custom_link&#8221; link=&#8221;\/mezcales\/tobala&#8221;][la_heading tag=&#8221;h3&#8243; spacer=&#8221;line&#8221; spacer_position=&#8221;middle&#8221; line_height=&#8221;1&#8243; title=&#8221;Tobal\u00e1&#8221; line_width=&#8221;lg:100px;&#8221; line_class=&#8221;margin-top-25 margin-bottom-20&#8243; title_fz=&#8221;lg:18px;&#8221;][\/la_heading][vc_btn title=&#8221;Mehr erfahren&#8221; style=&#8221;outline-custom&#8221; outline_custom_color=&#8221;#666666&#8243; outline_custom_hover_background=&#8221;#d7bb66&#8243; outline_custom_hover_text=&#8221;#ffffff&#8221; shape=&#8221;square&#8221; size=&#8221;sm&#8221; align=&#8221;center&#8221; i_align=&#8221;right&#8221; i_icon_fontawesome=&#8221;fa fa-angle-right&#8221; add_icon=&#8221;true&#8221; link=&#8221;url:https%3A%2F%2Fmezcalcarreno.com%2Falemania%2Fmezcales%2Ftobala%2F|title:Tobala||&#8221;][\/vc_column_inner][vc_column_inner width=&#8221;1\/3&#8243;][vc_single_image image=&#8221;1743&#8243; img_size=&#8221;full&#8221; alignment=&#8221;center&#8221; onclick=&#8221;custom_link&#8221; link=&#8221;\/mezcales\/tobasiche&#8221;][la_heading tag=&#8221;h3&#8243; spacer=&#8221;line&#8221; spacer_position=&#8221;middle&#8221; line_height=&#8221;1&#8243; title=&#8221;Tobasiche&#8221; line_width=&#8221;lg:100px;&#8221; line_class=&#8221;margin-top-25 margin-bottom-20&#8243; title_fz=&#8221;lg:18px;&#8221;][\/la_heading][vc_btn title=&#8221;Mehr erfahren&#8221; style=&#8221;outline-custom&#8221; outline_custom_color=&#8221;#666666&#8243; outline_custom_hover_background=&#8221;#d7bb66&#8243; outline_custom_hover_text=&#8221;#ffffff&#8221; shape=&#8221;square&#8221; size=&#8221;sm&#8221; align=&#8221;center&#8221; i_align=&#8221;right&#8221; i_icon_fontawesome=&#8221;fa fa-angle-right&#8221; add_icon=&#8221;true&#8221; link=&#8221;url:https%3A%2F%2Fmezcalcarreno.com%2Falemania%2Fmezcales%2Ftobasiche%2F|title:Tobasiche||&#8221;][\/vc_column_inner][\/vc_row_inner][vc_row_inner equal_height=&#8221;yes&#8221; content_placement=&#8221;top&#8221; gap=&#8221;10&#8243;][vc_column_inner width=&#8221;1\/3&#8243;][vc_single_image image=&#8221;1745&#8243; img_size=&#8221;full&#8221; alignment=&#8221;center&#8221; onclick=&#8221;custom_link&#8221; link=&#8221;\/mezcales\/espadin&#8221;][la_heading tag=&#8221;h3&#8243; spacer=&#8221;line&#8221; spacer_position=&#8221;middle&#8221; line_height=&#8221;1&#8243; title=&#8221;Espad\u00edn&#8221; line_width=&#8221;lg:100px;&#8221; line_class=&#8221;margin-top-25 margin-bottom-20&#8243; title_fz=&#8221;lg:18px;&#8221;][\/la_heading][vc_btn title=&#8221;Mehr erfahren&#8221; style=&#8221;outline-custom&#8221; outline_custom_color=&#8221;#666666&#8243; outline_custom_hover_background=&#8221;#d7bb66&#8243; outline_custom_hover_text=&#8221;#ffffff&#8221; shape=&#8221;square&#8221; size=&#8221;sm&#8221; align=&#8221;center&#8221; i_align=&#8221;right&#8221; i_icon_fontawesome=&#8221;fa fa-angle-right&#8221; add_icon=&#8221;true&#8221; link=&#8221;url:https%3A%2F%2Fmezcalcarreno.com%2Falemania%2Fmezcales%2Fespadin%2F|title:Espadin||&#8221;][\/vc_column_inner][vc_column_inner width=&#8221;1\/3&#8243;][vc_single_image image=&#8221;1744&#8243; img_size=&#8221;large&#8221; alignment=&#8221;center&#8221; onclick=&#8221;custom_link&#8221; link=&#8221;\/mezcales\/tepeztate&#8221;][la_heading tag=&#8221;h3&#8243; spacer=&#8221;line&#8221; spacer_position=&#8221;middle&#8221; line_height=&#8221;1&#8243; title=&#8221;Tepeztate&#8221; line_width=&#8221;lg:100px;&#8221; line_class=&#8221;margin-top-25 margin-bottom-20&#8243; title_fz=&#8221;lg:18px;&#8221;][\/la_heading][vc_btn title=&#8221;Mehr erfahren&#8221; style=&#8221;outline-custom&#8221; outline_custom_color=&#8221;#666666&#8243; outline_custom_hover_background=&#8221;#d7bb66&#8243; outline_custom_hover_text=&#8221;#ffffff&#8221; shape=&#8221;square&#8221; size=&#8221;sm&#8221; align=&#8221;center&#8221; i_align=&#8221;right&#8221; i_icon_fontawesome=&#8221;fa fa-angle-right&#8221; add_icon=&#8221;true&#8221; link=&#8221;url:https%3A%2F%2Fmezcalcarreno.com%2Falemania%2Fmezcales%2Ftepeztate%2F|title:Tepeztate||&#8221;][\/vc_column_inner][vc_column_inner width=&#8221;1\/3&#8243;][vc_single_image image=&#8221;1746&#8243; img_size=&#8221;full&#8221; alignment=&#8221;center&#8221; onclick=&#8221;custom_link&#8221; link=&#8221;\/mezcales\/naran&#8221;][la_heading tag=&#8221;h3&#8243; spacer=&#8221;line&#8221; spacer_position=&#8221;middle&#8221; line_height=&#8221;1&#8243; title=&#8221;Naran&#8221; line_width=&#8221;lg:100px;&#8221; line_class=&#8221;margin-top-25 margin-bottom-20&#8243; title_fz=&#8221;lg:18px;&#8221;][\/la_heading][vc_btn title=&#8221;Mehr erfahren&#8221; style=&#8221;outline-custom&#8221; outline_custom_color=&#8221;#666666&#8243; outline_custom_hover_background=&#8221;#d7bb66&#8243; outline_custom_hover_text=&#8221;#ffffff&#8221; shape=&#8221;square&#8221; size=&#8221;sm&#8221; align=&#8221;center&#8221; i_align=&#8221;right&#8221; i_icon_fontawesome=&#8221;fa fa-angle-right&#8221; add_icon=&#8221;true&#8221; link=&#8221;url:https%3A%2F%2Fmezcalcarreno.com%2Falemania%2Fmezcales%2Fnaran%2F|title:Naran||&#8221;][\/vc_column_inner][\/vc_row_inner][\/vc_column][\/vc_row][vc_row][vc_column width=&#8221;1\/2&#8243; offset=&#8221;vc_col-lg-offset-3 vc_col-lg-6 vc_col-md-offset-2 vc_col-md-8 vc_col-sm-offset-1&#8243;][vc_row_inner][vc_column_inner][la_divider height=&#8221;lg:100px;&#8221;][vc_single_image image=&#8221;1257&#8243; alignment=&#8221;center&#8221;][la_heading tag=&#8221;h1&#8243; spacer=&#8221;line&#8221; spacer_position=&#8221;bottom&#8221; line_height=&#8221;1&#8243; title=&#8221;Kultur&#8221; line_width=&#8221;lg:100px;&#8221; line_class=&#8221;margin-top-25 margin-bottom-20&#8243; title_fz=&#8221;lg:30px;&#8221;]Hinter jedem Glas Mezcal Carre\u00f1o steckt eine gro\u00dfe Geschichte, kultureller Widerstand, Verteidigung eines Ahnengetr\u00e4nks, Pflege des Landes und Erhaltung des Landes, Solidarit\u00e4t und Zusammenarbeit mit dem Mezcal-Meister, Feier und Stolz als nationale Identit\u00e4t. ;; vor allem aber aus famili\u00e4rer Leidenschaft.[\/la_heading][la_divider height=&#8221;lg:100px;&#8221;][\/vc_column_inner][\/vc_row_inner][\/vc_column][\/vc_row][vc_row][vc_column][vc_row_inner rtl_reverse=&#8221;yes&#8221; content_placement=&#8221;middle&#8221;][vc_column_inner width=&#8221;1\/2&#8243;][vc_single_image image=&#8221;1756&#8243; img_size=&#8221;full&#8221; alignment=&#8221;center&#8221;][\/vc_column_inner][vc_column_inner width=&#8221;1\/2&#8243;][la_heading tag=&#8221;h3&#8243; alignment=&#8221;left&#8221; spacer=&#8221;line&#8221; spacer_position=&#8221;middle&#8221; line_height=&#8221;1&#8243; title=&#8221;Unterst\u00fctzung f\u00fcr Gemeinschaften&#8221; line_width=&#8221;lg:100px;&#8221; line_class=&#8221;margin-top-25 margin-bottom-20&#8243; title_fz=&#8221;lg:18px;&#8221;][\/la_heading][vc_column_text]<strong>Mezcal Carre\u00f1o<\/strong> unterst\u00fctzt und f\u00f6rdert die Rettung und Erhaltung der Mezcal-Tradition durch nachhaltige Landwirtschaft zur Erhaltung der nat\u00fcrlichen Ressourcen, die die kontinuierliche Befriedigung menschlicher Bed\u00fcrfnisse f\u00fcr heutige und zuk\u00fcnftige Generationen gew\u00e4hrleistet.<\/p>\n<p>Diese nachhaltige Entwicklung schont die genetischen Ressourcen von Boden, Wasser, Tieren und Pflanzen. ohne die Umwelt zu verschlechtern und die Wiederaufforstung der Agave zu f\u00f6rdern.<\/p>\n<p>Durch das G\u00f3k-nenaa-Kollektiv, das in Zapotec (indigene Kultur Oaxacas) \u201eHilf mir\u201c bedeutet, erstellen wir Programme, die in Zusammenarbeit mit Mezcal-Gruppen angewendet werden. Zu diesen Gruppen geh\u00f6ren mehrere indigene Frauen. Um Migration zu verhindern, f\u00f6rdern wir Besch\u00e4ftigung und Arbeit nach dem Prinzip der fairen Besch\u00e4ftigung und des Respekts f\u00fcr ethnische Gruppen.[\/vc_column_text][vc_btn title=&#8221;Mehr erfahren&#8221; style=&#8221;outline-custom&#8221; outline_custom_color=&#8221;#666666&#8243; outline_custom_hover_background=&#8221;#d7bb66&#8243; outline_custom_hover_text=&#8221;#ffffff&#8221; shape=&#8221;square&#8221; size=&#8221;sm&#8221; align=&#8221;left&#8221; i_align=&#8221;right&#8221; i_icon_fontawesome=&#8221;fa fa-angle-right&#8221; add_icon=&#8221;true&#8221; link=&#8221;url:%2Fcultura|||&#8221;][\/vc_column_inner][\/vc_row_inner][vc_row_inner rtl_reverse=&#8221;yes&#8221; content_placement=&#8221;middle&#8221; el_class=&#8221;column-reverse&#8221;][vc_column_inner el_class=&#8221;column-reverse__item&#8221; width=&#8221;1\/2&#8243;][la_heading tag=&#8221;h3&#8243; alignment=&#8221;left&#8221; spacer=&#8221;line&#8221; spacer_position=&#8221;middle&#8221; line_height=&#8221;1&#8243; title=&#8221;Nachhaltigkeit&#8221; line_width=&#8221;lg:100px;&#8221; line_class=&#8221;margin-top-25 margin-bottom-20&#8243; title_fz=&#8221;lg:18px;&#8221;][\/la_heading][vc_column_text]Die Summe aus Klima, Mikroklima, Boden, Agavensorte und Landaufteilung bildet das Konzept des \u201eTerroirs\u201c (was w\u00f6rtlich Land bedeutet). Was auch immer Sie in Bezug auf den Boden denken, das ist Terroir. \u201c Die Qualit\u00e4t von Mezcal Carre\u00f1o h\u00e4ngt sowohl vom Terroir oder Terroir als auch vom Produktionsprozess und der Ber\u00fchrung des Mezcal-Meisters ab.[\/vc_column_text][vc_btn title=&#8221;Mehr erfahren&#8221; style=&#8221;outline-custom&#8221; outline_custom_color=&#8221;#666666&#8243; outline_custom_hover_background=&#8221;#d7bb66&#8243; outline_custom_hover_text=&#8221;#ffffff&#8221; shape=&#8221;square&#8221; size=&#8221;sm&#8221; align=&#8221;left&#8221; i_align=&#8221;right&#8221; i_icon_fontawesome=&#8221;fa fa-angle-right&#8221; add_icon=&#8221;true&#8221; link=&#8221;url:%2Fcultura|||&#8221;][\/vc_column_inner][vc_column_inner el_class=&#8221;column-reverse__item&#8221; width=&#8221;1\/2&#8243;][vc_single_image image=&#8221;1757&#8243; img_size=&#8221;full&#8221; alignment=&#8221;center&#8221;][\/vc_column_inner][\/vc_row_inner][vc_row_inner rtl_reverse=&#8221;yes&#8221; content_placement=&#8221;middle&#8221;][vc_column_inner width=&#8221;1\/2&#8243;][vc_single_image image=&#8221;2171&#8243; img_size=&#8221;full&#8221; alignment=&#8221;center&#8221;][\/vc_column_inner][vc_column_inner width=&#8221;1\/2&#8243;][la_heading tag=&#8221;h3&#8243; alignment=&#8221;left&#8221; spacer=&#8221;line&#8221; spacer_position=&#8221;middle&#8221; line_height=&#8221;1&#8243; title=&#8221;Oaxacan Talent&#8221; line_width=&#8221;lg:100px;&#8221; line_class=&#8221;margin-top-25 margin-bottom-20&#8243; title_fz=&#8221;lg:18px;&#8221;][\/la_heading][vc_column_text]Wir sind Teil der Oaxacanischen Kultur, wir ber\u00fccksichtigen die F\u00e4higkeiten der Handwerker und den kulturellen Wert, den dies darstellt. Wir unterst\u00fctzen das Talent der Jugend in Oaxaca, indem wir Projekte entwickeln, in denen sie ihre F\u00e4higkeiten in die Praxis umsetzen k\u00f6nnen.[\/vc_column_text][vc_btn title=&#8221;Mehr erfahren&#8221; style=&#8221;outline-custom&#8221; outline_custom_color=&#8221;#666666&#8243; outline_custom_hover_background=&#8221;#d7bb66&#8243; outline_custom_hover_text=&#8221;#ffffff&#8221; shape=&#8221;square&#8221; size=&#8221;sm&#8221; align=&#8221;left&#8221; i_align=&#8221;right&#8221; i_icon_fontawesome=&#8221;fa fa-angle-right&#8221; add_icon=&#8221;true&#8221; link=&#8221;url:%2Fcultura|||&#8221;][\/vc_column_inner][\/vc_row_inner][la_divider height=&#8221;lg:100px;&#8221;][\/vc_column][\/vc_row][vc_row][vc_column][vc_row_inner disable_element=&#8221;yes&#8221;][vc_column_inner][la_divider height=&#8221;lg:80px;&#8221;][la_heading tag=&#8221;h1&#8243; spacer=&#8221;line&#8221; spacer_position=&#8221;bottom&#8221; line_height=&#8221;1&#8243; title=&#8221;D\u00f3nde encontrarnos&#8221; line_width=&#8221;lg:100px;&#8221; line_class=&#8221;margin-top-25 margin-bottom-20&#8243; title_fz=&#8221;lg:30px;&#8221;]<span style=\"font-weight: 400;\">Nosotros te contaremos el inicio de nuestra historia, para que t\u00fa busques el final.\u00a0<\/span>[\/la_heading][la_divider height=&#8221;lg:80px;&#8221;][\/vc_column_inner][\/vc_row_inner][vc_row_inner disable_element=&#8221;yes&#8221;][vc_column_inner][vc_images_carousel images=&#8221;1185,1186,1187,1188&#8243; img_size=&#8221;full&#8221; onclick=&#8221;custom_link&#8221; slides_per_view=&#8221;4&#8243; hide_pagination_control=&#8221;yes&#8221; hide_prev_next_buttons=&#8221;yes&#8221; custom_links=&#8221;#E-8_aHR0cHMlM0ElMkYlMkZ3d3cuYW1hem9uLmNvbS5teCUyRiUyQ2h0dHBzJTNBJTJGJTJGd3d3Lm1lcmNhZG9saWJyZS5jb20ubXglMkYlMkNodHRwcyUzQSUyRiUyRnd3dy5saW5pby5jb20ubXglMkYlMkNodHRwcyUzQSUyRiUyRnd3dy5jbGFyb3Nob3AuY29tJTJGVGllbmRhJTJGMTI1NDQ0JTJGbWV6Y2FsLWNhcnJlbm8=&#8221;][la_divider height=&#8221;lg:80px;&#8221;][\/vc_column_inner][\/vc_row_inner][\/vc_column][\/vc_row][vc_row][vc_column][vc_row_inner][vc_column_inner][la_divider height=&#8221;lg:80px;&#8221;][la_heading tag=&#8221;h1&#8243; spacer=&#8221;line&#8221; spacer_position=&#8221;bottom&#8221; line_height=&#8221;1&#8243; title=&#8221;Wo finden Sie uns?&#8221; line_width=&#8221;lg:100px;&#8221; line_class=&#8221;margin-top-25 margin-bottom-20&#8243; title_fz=&#8221;lg:30px;&#8221;]Wir werden Ihnen den Anfang unserer Geschichte erz\u00e4hlen, damit Sie nach dem Ende suchen.[\/la_heading][la_divider height=&#8221;lg:80px;&#8221;][\/vc_column_inner][\/vc_row_inner][\/vc_column][\/vc_row][vc_row][vc_column][vc_row_inner][vc_column_inner][vc_images_carousel images=&#8221;1188,1186,1187&#8243; img_size=&#8221;full&#8221; onclick=&#8221;custom_link&#8221; slides_per_view=&#8221;3&#8243; hide_pagination_control=&#8221;yes&#8221; hide_prev_next_buttons=&#8221;yes&#8221; custom_links=&#8221;#E-8_aHR0cHMlM0ElMkYlMkZ3d3cuY2xhcm9zaG9wLmNvbSUyRlRpZW5kYSUyRjEyNTQ0NCUyRm1lemNhbC1jYXJyZW5vJTJDaHR0cCUzQSUyRiUyRmJpdC5seSUyRk1lTGlDYXJyJTJDaHR0cHMlM0ElMkYlMkZ3d3cubGluaW8uY29tLm14JTJGc2VhcmNoJTNGc2Nyb2xsJTNEJTI2cSUzRG1lemNhbCUyQmNhcnJlJTI1QzMlMjVCMW8lMkM=&#8221;][la_divider height=&#8221;lg:80px;&#8221;][\/vc_column_inner][\/vc_row_inner][\/vc_column][\/vc_row]<\/p>\n","protected":false},"excerpt":{"rendered":"<p>[vc_row full_width=&#8221;stretch_row_content_no_spaces&#8221;][vc_column][rev_slider_vc alias=&#8221;main-organic&#8221;][\/vc_column][\/vc_row][vc_row][vc_column width=&#8221;1\/2&#8243; offset=&#8221;vc_col-lg-offset-3 vc_col-lg-6 vc_col-md-offset-2 vc_col-md-8 vc_col-sm-offset-1&#8243;][vc_row_inner][vc_column_inner][la_divider height=&#8221;lg:100px;&#8221;][vc_single_image image=&#8221;1257&#8243; img_size=&#8221;full&#8221; alignment=&#8221;center&#8221;][la_heading tag=&#8221;h1&#8243; spacer=&#8221;line&#8221; spacer_position=&#8221;bottom&#8221; line_height=&#8221;1&#8243; title=&#8221;In jeder Flasche&hellip;<\/p>\n","protected":false},"author":1,"featured_media":0,"parent":0,"menu_order":0,"comment_status":"closed","ping_status":"closed","template":"","meta":{"spay_email":""},"_links":{"self":[{"href":"https:\/\/mezcalcarreno.com\/alemania\/index.php?rest_route=\/wp\/v2\/pages\/1007"}],"collection":[{"href":"https:\/\/mezcalcarreno.com\/alemania\/index.php?rest_route=\/wp\/v2\/pages"}],"about":[{"href":"https:\/\/mezcalcarreno.com\/alemania\/index.php?rest_route=\/wp\/v2\/types\/page"}],"author":[{"embeddable":true,"href":"https:\/\/mezcalcarreno.com\/alemania\/index.php?rest_route=\/wp\/v2\/users\/1"}],"replies":[{"embeddable":true,"href":"https:\/\/mezcalcarreno.com\/alemania\/index.php?rest_route=%2Fwp%2Fv2%2Fcomments&post=1007"}],"version-history":[{"count":157,"href":"https:\/\/mezcalcarreno.com\/alemania\/index.php?rest_route=\/wp\/v2\/pages\/1007\/revisions"}],"predecessor-version":[{"id":2331,"href":"https:\/\/mezcalcarreno.com\/alemania\/index.php?rest_route=\/wp\/v2\/pages\/1007\/revisions\/2331"}],"wp:attachment":[{"href":"https:\/\/mezcalcarreno.com\/alemania\/index.php?rest_route=%2Fwp%2Fv2%2Fmedia&parent=1007"}],"curies":[{"name":"wp","href":"https:\/\/api.w.org\/{rel}","templated":true}]}}