{"id":1009,"date":"2020-10-24T21:30:51","date_gmt":"2020-10-24T21:30:51","guid":{"rendered":"https:\/\/mezcalcarreno.com\/?page_id=1009"},"modified":"2021-02-02T16:01:48","modified_gmt":"2021-02-02T22:01:48","slug":"historia","status":"publish","type":"page","link":"https:\/\/mezcalcarreno.com\/alemania\/?page_id=1009","title":{"rendered":"Historia"},"content":{"rendered":"<p>[vc_row full_width=&#8221;stretch_row_content_no_spaces&#8221; content_placement=&#8221;middle&#8221;][vc_column][vc_row_inner content_placement=&#8221;middle&#8221;][vc_column_inner css=&#8221;.vc_custom_1603745152603{margin-top: 0px !important;border-top-width: 0px !important;padding-top: 0px !important;}&#8221;][rev_slider_vc alias=&#8221;historia-carreno&#8221;][\/vc_column_inner][\/vc_row_inner][\/vc_column][\/vc_row][vc_row][vc_column width=&#8221;1\/2&#8243; offset=&#8221;vc_col-lg-offset-3 vc_col-lg-6 vc_col-md-offset-2 vc_col-md-8 vc_col-sm-offset-1&#8243;][vc_row_inner][vc_column_inner][la_divider height=&#8221;lg:60px;&#8221;][vc_single_image image=&#8221;1257&#8243; alignment=&#8221;center&#8221;][la_heading tag=&#8221;h1&#8243; spacer=&#8221;line&#8221; spacer_position=&#8221;middle&#8221; line_height=&#8221;1&#8243; title=&#8221;Mezcal Carre\u00f1o&#8221; line_width=&#8221;lg:100px;&#8221; line_class=&#8221;margin-top-25 margin-bottom-20&#8243; title_fz=&#8221;lg:30px;&#8221;][\/la_heading][vc_column_text]<strong>Mezcal Carre\u00f1o<\/strong> begann seine Produktion 1904 mit <strong>Don Apolonio Carre\u00f1o<\/strong>, der Mezcal aus den wilden Agaven herstellte, die auf seinem Grundst\u00fcck wuchsen. Als hochgesch\u00e4tztes Spirituosengetr\u00e4nk in Oaxaca trank Apolonio mit seiner Familie und seinen Freunden seine Mezcals zu drei besonderen Anl\u00e4ssen im Jahr: seinem Geburtstag, dem Beginn der Pflanzsaison und dem Ende der Ernte.<\/p>\n<p>Heute m\u00f6chten wir Ihnen unsere Mezcals vorstellen, die aus unserem Terroir in den Zentralt\u00e4lern von Oaxaca mit traditionellen und \u00fcberlieferten Techniken hergestellt wurden, die von Generation zu Generation weitergegeben werden.[\/vc_column_text][la_divider height=&#8221;lg:60px;&#8221;][la_heading tag=&#8221;h3&#8243; use_gfont_title=&#8221;yes&#8221; title=&#8221;&#8220;Sie sagen, du kannst Mezcal nicht finden, Mezcal findet dich.&#8220;&#8221; title_fz=&#8221;lg:18px;&#8221; subtitle_class=&#8221;margin-top-25 margin-bottom-20&#8243; title_font=&#8221;font_family:Montserrat%3Aregular%2C700|font_style:400%20regular%3A400%3Anormal&#8221; css=&#8221;.vc_custom_1612284508713{padding-right: 20px !important;padding-left: 20px !important;}&#8221;][\/la_heading][la_divider height=&#8221;lg:80px;&#8221;][\/vc_column_inner][\/vc_row_inner][\/vc_column][\/vc_row][vc_row][vc_column width=&#8221;1\/2&#8243; offset=&#8221;vc_col-lg-offset-3 vc_col-lg-6 vc_col-md-offset-2 vc_col-md-8 vc_col-sm-offset-1&#8243;][vc_row_inner equal_height=&#8221;yes&#8221; content_placement=&#8221;middle&#8221;][vc_column_inner][vc_column_text]Wir stellen verschiedene Arten von Mezcal her, um ein glattes und ausgereiftes Getr\u00e4nk zu erhalten, das das wertvolle kulturelle Erbe und die Identit\u00e4t von Oaxaca darstellt.[\/vc_column_text][vc_single_image image=&#8221;1719&#8243; img_size=&#8221;full&#8221;][\/vc_column_inner][\/vc_row_inner][\/vc_column][\/vc_row][vc_row][vc_column width=&#8221;1\/2&#8243; offset=&#8221;vc_col-lg-offset-3 vc_col-lg-6 vc_col-md-offset-2 vc_col-md-8 vc_col-sm-offset-1&#8243;][vc_row_inner][vc_column_inner][la_divider height=&#8221;lg:60px;&#8221;][vc_single_image image=&#8221;1257&#8243; alignment=&#8221;center&#8221;][la_heading tag=&#8221;h3&#8243; spacer=&#8221;line&#8221; spacer_position=&#8221;middle&#8221; line_height=&#8221;1&#8243; title=&#8221;Hacienda Carre\u00f1o&#8221; line_width=&#8221;lg:100px;&#8221; line_class=&#8221;margin-top-25 margin-bottom-20&#8243; title_fz=&#8221;lg:30px;&#8221;][\/la_heading][vc_btn title=&#8221;Erfahren Sie mehr \u00fcber die Hacienda Carre\u00f1o&#8221; style=&#8221;outline-custom&#8221; outline_custom_color=&#8221;#d7bb66&#8243; outline_custom_hover_background=&#8221;#666666&#8243; outline_custom_hover_text=&#8221;#ffffff&#8221; shape=&#8221;square&#8221; size=&#8221;sm&#8221; align=&#8221;center&#8221; link=&#8221;url:%2Fhacienda-carreno|||&#8221;][la_divider height=&#8221;lg:20px;&#8221;][vc_column_text]Die Familie Carre\u00f1o lie\u00df sich Ende des 19. Jahrhunderts in den L\u00e4ndern von San Dionisio Ocotl\u00e1n nieder und bot im Laufe der Zeit ein mythisches Spirituosengetr\u00e4nk mit den Eigenschaften einer Agave an. Die Kirchenb\u00fccher befinden sich noch im Archiv der Zentralt\u00e4ler von Oaxaca.<\/p>\n<p>Don Apolonio Carre\u00f1o wurde 1882 geboren. Als Sohn von Pedro Carre\u00f1o und Rosario Arango war er der Bruder von Josefina, Serafina und Basilio. Alle M\u00e4nner und Frauen aus dem Land. In seiner Jugend widmete er sich dem Transport von Metall von den Minen von San Pedro Taviche nach Oaxaca in Karren, die von Teams gezogen wurden. Die wichtigsten Bergbaureserven befanden sich in den Bezirken Ocotl\u00e1n, Tlacolula, Ejutla und Miahuatl\u00e1n; Es gelang ihm, 150 Wagen zu sammeln, und mit den Einnahmen aus dieser Arbeit kaufte er das Land, das sp\u00e4ter der Hacienda Carre\u00f1o geh\u00f6rte.<\/p>\n<p>In diesen L\u00e4ndern wurde die Agave wild und es war dann, als in einem dieser L\u00e4nder 1904 heimlich ein kleiner Palenque installiert wurde, weil zu dieser Zeit destillierte Agavengetr\u00e4nke verboten waren. So beginnt die Tradition, Mezcal mit alten Techniken herzustellen.[\/vc_column_text][la_divider height=&#8221;lg:80px;&#8221;][vc_single_image image=&#8221;1720&#8243; img_size=&#8221;full&#8221;][la_divider height=&#8221;lg:80px;&#8221;][\/vc_column_inner][\/vc_row_inner][\/vc_column][\/vc_row]<\/p>\n","protected":false},"excerpt":{"rendered":"<p>[vc_row full_width=&#8221;stretch_row_content_no_spaces&#8221; content_placement=&#8221;middle&#8221;][vc_column][vc_row_inner content_placement=&#8221;middle&#8221;][vc_column_inner css=&#8221;.vc_custom_1603745152603{margin-top: 0px !important;border-top-width: 0px !important;padding-top: 0px !important;}&#8221;][rev_slider_vc alias=&#8221;historia-carreno&#8221;][\/vc_column_inner][\/vc_row_inner][\/vc_column][\/vc_row][vc_row][vc_column width=&#8221;1\/2&#8243; offset=&#8221;vc_col-lg-offset-3 vc_col-lg-6 vc_col-md-offset-2 vc_col-md-8 vc_col-sm-offset-1&#8243;][vc_row_inner][vc_column_inner][la_divider height=&#8221;lg:60px;&#8221;][vc_single_image image=&#8221;1257&#8243;&hellip;<\/p>\n","protected":false},"author":1,"featured_media":0,"parent":0,"menu_order":0,"comment_status":"closed","ping_status":"closed","template":"","meta":{"spay_email":""},"_links":{"self":[{"href":"https:\/\/mezcalcarreno.com\/alemania\/index.php?rest_route=\/wp\/v2\/pages\/1009"}],"collection":[{"href":"https:\/\/mezcalcarreno.com\/alemania\/index.php?rest_route=\/wp\/v2\/pages"}],"about":[{"href":"https:\/\/mezcalcarreno.com\/alemania\/index.php?rest_route=\/wp\/v2\/types\/page"}],"author":[{"embeddable":true,"href":"https:\/\/mezcalcarreno.com\/alemania\/index.php?rest_route=\/wp\/v2\/users\/1"}],"replies":[{"embeddable":true,"href":"https:\/\/mezcalcarreno.com\/alemania\/index.php?rest_route=%2Fwp%2Fv2%2Fcomments&post=1009"}],"version-history":[{"count":58,"href":"https:\/\/mezcalcarreno.com\/alemania\/index.php?rest_route=\/wp\/v2\/pages\/1009\/revisions"}],"predecessor-version":[{"id":2332,"href":"https:\/\/mezcalcarreno.com\/alemania\/index.php?rest_route=\/wp\/v2\/pages\/1009\/revisions\/2332"}],"wp:attachment":[{"href":"https:\/\/mezcalcarreno.com\/alemania\/index.php?rest_route=%2Fwp%2Fv2%2Fmedia&parent=1009"}],"curies":[{"name":"wp","href":"https:\/\/api.w.org\/{rel}","templated":true}]}}