{"id":1018,"date":"2020-10-24T21:32:15","date_gmt":"2020-10-24T21:32:15","guid":{"rendered":"https:\/\/mezcalcarreno.com\/?page_id=1018"},"modified":"2020-11-09T20:59:44","modified_gmt":"2020-11-09T20:59:44","slug":"aviso-de-privacidad","status":"publish","type":"page","link":"https:\/\/mezcalcarreno.com\/alemania\/?page_id=1018","title":{"rendered":"Aviso de privacidad"},"content":{"rendered":"<p>[vc_row full_width=&#8221;stretch_row&#8221; css=&#8221;.vc_custom_1603585053629{background-color: #f9f9f9 !important;}&#8221;][vc_column][vc_row_inner][vc_column_inner width=&#8221;1\/2&#8243; offset=&#8221;vc_col-lg-offset-3 vc_col-lg-6 vc_col-md-offset-2 vc_col-md-8 vc_col-sm-offset-1&#8243;][la_divider height=&#8221;lg:65px;&#8221;][la_heading tag=&#8221;h1&#8243; alignment=&#8221;left&#8221; spacer=&#8221;line&#8221; spacer_position=&#8221;middle&#8221; line_height=&#8221;1&#8243; title=&#8221;Aviso de privacidad&#8221; line_width=&#8221;lg:100px;&#8221; line_class=&#8221;margin-top-25 margin-bottom-20&#8243; title_fz=&#8221;lg:30px;&#8221;][\/la_heading][la_divider height=&#8221;lg:35px;&#8221;][vc_column_text]<span style=\"font-weight: 400;\">Para efectos del presente Aviso de Privacidad Mezcal Carre\u00f1o SA de CV, (en adelante &#8220;MEZCAL CARRE\u00d1O&#8221;) con domicilio en Emiliano Zapata 16, San Dionisio Ocotl\u00e1n 71526 Oaxaca M\u00e9xico,\u00a0 es el responsable de la obtenci\u00f3n, divulgaci\u00f3n, almacenamiento, uso, manejo aprovechamiento, y\/o disposici\u00f3n de los datos personales que recabe de sus Clientes (en adelante los &#8220;Titulares&#8221;).<\/span><\/p>\n<p><span style=\"font-weight: 400;\">Nosotros vamos a recabar su informaci\u00f3n de registro as\u00ed como su informaci\u00f3n de contacto, en caso de que desee registrarse con Mezcal Carre\u00f1o, podremos dar tratamiento a sus datos de contacto.<\/span><\/p>\n<p>Si decide realizar la compra de un producto o la contrataci\u00f3n de algunos de los servicios que Mezcal Carre\u00f1o ofrece, adicionalmente podemos recabar datos personales de contacto, direcci\u00f3n de env\u00edo y de facturaci\u00f3n, y datos personales patrimoniales y financieros relacionados con su forma de pago.<\/p>\n<p>Los datos generados a partir de su interacci\u00f3n con Mezcal Carre\u00f1o, como al momento de interactuar mediante nuestra plataforma con nuestros socios comerciales, podr\u00e1n ser tratados como datos personales para mejorar su experiencia.<\/p>\n<p>Datos relacionados con sus preferencias de consumo, intereses, historial de visitas, historial de b\u00fasquedas, historial de compras, h\u00e1bitos de consumo y uso de los servicios de Mezcal Carre\u00f1o y de nuestros socios comerciales.<\/p>\n<p>Datos relacionados con su sesi\u00f3n de inicio en las redes sociales que asocie con Mezcal Carre\u00f1o, as\u00ed como aquella informaci\u00f3n disponible en el perfil p\u00fablico de sus redes sociales.<\/p>\n<p>La informaci\u00f3n que recibamos de usted derivado del inicio de sesi\u00f3n en redes sociales puede depender de los ajustes de privacidad de su cuenta en la red social que utilice.<\/p>\n<p>Datos relacionados con las interacciones, compras y contrataciones que realice de los productos y servicios.<\/p>\n<p><span style=\"font-weight: 400;\">En caso de que usted la proporcione, Mezcal Carre\u00f1o tratar\u00e1 aquella informaci\u00f3n que se derive del proceso de atenci\u00f3n a sus dudas o aclaraciones en relaci\u00f3n con los productos y servicios.<\/span><\/p>\n<p><span style=\"font-weight: 400;\">Como parte de nuestros procesos de mejora, en ciertos casos, podremos recabar respuestas an\u00f3nimas a encuestas y requerimientos relacionados con el uso de nuestra plataforma, y los productos y servicios. En determinados casos, y cuando sea necesario, podremos aplicar t\u00e9cnicas de anonimizaci\u00f3n de datos con la finalidad de realizar determinados estudios de car\u00e1cter predictivo y estad\u00edstico a partir de la informaci\u00f3n generada con motivo de la compra de productos y uso de los servicios.<\/span><\/p>\n<p><b>No tratamiento de datos personales de menores de edad.<\/b><\/p>\n<p><span style=\"font-weight: 400;\">Mezcal Carre\u00f1o no recaba datos personales o informaci\u00f3n directamente de menores de edad. En el supuesto de que se proporcionen datos relacionados con personas menores de edad, asumimos que la persona que los proporciona es el padre, madre y\/o tutor legal, quien reconoce haber le\u00eddo y aceptado el presente aviso de privacidad.<\/span><\/p>\n<p><b>Tratamiento de datos sin decisi\u00f3n humana valorativa y actividades de perfilamiento.<\/b><\/p>\n<p><span style=\"font-weight: 400;\">Para dar cumplimiento a las finalidades previstas en este Aviso de Privacidad, Mezcal Carre\u00f1o realizar\u00e1 tratamientos de datos personales como parte de un proceso de toma decisiones sin intervenci\u00f3n humana valorativa y t\u00e9cnicas de an\u00e1lisis masivo de datos para realizar actividades de perfilamiento a partir de sus h\u00e1bitos de consumo, gustos e intereses con el fin de ofrecerle una experiencia personalizada en relaci\u00f3n con el uso de los servicios, as\u00ed como para dar cumplimiento a alguna(s) de las finalidad(es) informadas en el presente Aviso de Privacidad.<\/span><\/p>\n<p><b>\u00bfPara qu\u00e9 fines usamos su informaci\u00f3n?<\/b><\/p>\n<p><span style=\"font-weight: 400;\">Realizar predicciones, an\u00e1lisis y reportes en relaci\u00f3n con el uso de los servicios que ofrecemos y que ofrecen nuestros socios comerciales as\u00ed como para dar cumplimiento a alguna(s) de las finalidad(es) informadas en el presente Aviso de Privacidad.<\/span><\/p>\n<p><span style=\"font-weight: 400;\">Dar respuesta a requerimientos de autoridades legales competentes.<\/span><\/p>\n<p><span style=\"font-weight: 400;\">Acumulaci\u00f3n de puntos a trav\u00e9s de monederos electr\u00f3nicos o similares;<\/span><\/p>\n<p><span style=\"font-weight: 400;\">Para dar cumplimiento a lo dispuesto por la Ley Federal para la Prevenci\u00f3n e Identificaci\u00f3n de Operaciones con Recursos de Procedencia Il\u00edcita y dem\u00e1s normatividad aplicable <\/span>y\u00a0dar cumplimiento a las obligaciones derivadas de su relaci\u00f3n comercial con nosotros.<\/p>\n<p>&nbsp;[\/vc_column_text][la_divider height=&#8221;lg:100px;&#8221;][\/vc_column_inner][\/vc_row_inner][\/vc_column][\/vc_row]<\/p>\n","protected":false},"excerpt":{"rendered":"<p>[vc_row full_width=&#8221;stretch_row&#8221; css=&#8221;.vc_custom_1603585053629{background-color: #f9f9f9 !important;}&#8221;][vc_column][vc_row_inner][vc_column_inner width=&#8221;1\/2&#8243; offset=&#8221;vc_col-lg-offset-3 vc_col-lg-6 vc_col-md-offset-2 vc_col-md-8 vc_col-sm-offset-1&#8243;][la_divider height=&#8221;lg:65px;&#8221;][la_heading tag=&#8221;h1&#8243; alignment=&#8221;left&#8221; spacer=&#8221;line&#8221; spacer_position=&#8221;middle&#8221; line_height=&#8221;1&#8243; title=&#8221;Aviso de privacidad&#8221;&hellip;<\/p>\n","protected":false},"author":1,"featured_media":0,"parent":0,"menu_order":0,"comment_status":"closed","ping_status":"closed","template":"","meta":{"spay_email":""},"_links":{"self":[{"href":"https:\/\/mezcalcarreno.com\/alemania\/index.php?rest_route=\/wp\/v2\/pages\/1018"}],"collection":[{"href":"https:\/\/mezcalcarreno.com\/alemania\/index.php?rest_route=\/wp\/v2\/pages"}],"about":[{"href":"https:\/\/mezcalcarreno.com\/alemania\/index.php?rest_route=\/wp\/v2\/types\/page"}],"author":[{"embeddable":true,"href":"https:\/\/mezcalcarreno.com\/alemania\/index.php?rest_route=\/wp\/v2\/users\/1"}],"replies":[{"embeddable":true,"href":"https:\/\/mezcalcarreno.com\/alemania\/index.php?rest_route=%2Fwp%2Fv2%2Fcomments&post=1018"}],"version-history":[{"count":14,"href":"https:\/\/mezcalcarreno.com\/alemania\/index.php?rest_route=\/wp\/v2\/pages\/1018\/revisions"}],"predecessor-version":[{"id":1791,"href":"https:\/\/mezcalcarreno.com\/alemania\/index.php?rest_route=\/wp\/v2\/pages\/1018\/revisions\/1791"}],"wp:attachment":[{"href":"https:\/\/mezcalcarreno.com\/alemania\/index.php?rest_route=%2Fwp%2Fv2%2Fmedia&parent=1018"}],"curies":[{"name":"wp","href":"https:\/\/api.w.org\/{rel}","templated":true}]}}