{"id":1024,"date":"2020-10-24T21:33:17","date_gmt":"2020-10-24T21:33:17","guid":{"rendered":"https:\/\/mezcalcarreno.com\/?page_id=1024"},"modified":"2020-11-10T20:52:58","modified_gmt":"2020-11-10T20:52:58","slug":"metodos-de-pago","status":"publish","type":"page","link":"https:\/\/mezcalcarreno.com\/alemania\/?page_id=1024","title":{"rendered":"M\u00e9todos de pago"},"content":{"rendered":"<p>[vc_row][vc_column width=&#8221;1\/2&#8243; offset=&#8221;vc_col-lg-offset-3 vc_col-lg-6 vc_col-md-offset-2 vc_col-md-8 vc_col-sm-offset-1&#8243;][vc_row_inner][vc_column_inner][la_divider height=&#8221;lg:65px;&#8221;][la_heading tag=&#8221;h1&#8243; alignment=&#8221;left&#8221; spacer=&#8221;line&#8221; spacer_position=&#8221;middle&#8221; line_height=&#8221;1&#8243; title=&#8221;M\u00e9todos de pago&#8221; line_width=&#8221;lg:100px;&#8221; line_class=&#8221;margin-top-25 margin-bottom-20&#8243; title_fz=&#8221;lg:30px;&#8221;][\/la_heading][la_divider height=&#8221;lg:35px;&#8221;][vc_column_text]<\/p>\n<p class=\"ux-c-white ux-subtitle\">Aqu\u00ed encontrar\u00e1s la informaci\u00f3n necesaria sobre las formas de pago que aceptamos.<\/p>\n<p><strong>\u00bfComo pagar con PayPal?\u00a0<\/strong><\/p>\n<div class=\"panel ux-open-shadow ux-s-radius\">\n<ul class=\"ux-ol-ul\">\n<li class=\"ux-p\">PayPal es un m\u00e9todo de pago para compras en l\u00ednea, para utilizarlo debes tener una cuenta PayPal y asociarla a tu tarjeta bancaria.<\/li>\n<li class=\"ux-p\">Al seleccionar este m\u00e9todo de pago te redirigiremos al sitio de PayPal para que puedas completar tu pago.<\/li>\n<\/ul>\n<p>Las tarjetas que puedes vincular a tu cuanta de <strong>PayPal<\/strong> son:<\/p>\n<p><img loading=\"lazy\" class=\"alignleft size-full wp-image-1850\" src=\"https:\/\/i1.wp.com\/mezcalcarreno.com\/alemania\/wp-content\/uploads\/2020\/11\/mastercard.png?resize=101%2C59&#038;ssl=1\" alt=\"\" width=\"101\" height=\"59\" data-recalc-dims=\"1\" \/><img loading=\"lazy\" class=\"alignleft size-full wp-image-1852\" src=\"https:\/\/i0.wp.com\/mezcalcarreno.com\/alemania\/wp-content\/uploads\/2020\/11\/visa.png?resize=103%2C59&#038;ssl=1\" alt=\"\" width=\"103\" height=\"59\" data-recalc-dims=\"1\" \/><img loading=\"lazy\" class=\"alignleft size-full wp-image-1851\" src=\"https:\/\/i0.wp.com\/mezcalcarreno.com\/alemania\/wp-content\/uploads\/2020\/11\/paypal.png?resize=99%2C59&#038;ssl=1\" alt=\"\" width=\"99\" height=\"59\" data-recalc-dims=\"1\" \/><\/p>\n<p><img loading=\"lazy\" class=\"alignleft size-full wp-image-1849\" src=\"https:\/\/i1.wp.com\/mezcalcarreno.com\/alemania\/wp-content\/uploads\/2020\/11\/amex.png?resize=98%2C59&#038;ssl=1\" alt=\"\" width=\"98\" height=\"59\" data-recalc-dims=\"1\" \/><\/p>\n<\/div>\n<p>[\/vc_column_text][la_divider height=&#8221;lg:100px;&#8221;][\/vc_column_inner][\/vc_row_inner][\/vc_column][\/vc_row]<\/p>\n","protected":false},"excerpt":{"rendered":"<p>[vc_row][vc_column width=&#8221;1\/2&#8243; offset=&#8221;vc_col-lg-offset-3 vc_col-lg-6 vc_col-md-offset-2 vc_col-md-8 vc_col-sm-offset-1&#8243;][vc_row_inner][vc_column_inner][la_divider height=&#8221;lg:65px;&#8221;][la_heading tag=&#8221;h1&#8243; alignment=&#8221;left&#8221; spacer=&#8221;line&#8221; spacer_position=&#8221;middle&#8221; line_height=&#8221;1&#8243; title=&#8221;M\u00e9todos de pago&#8221; line_width=&#8221;lg:100px;&#8221; line_class=&#8221;margin-top-25 margin-bottom-20&#8243; title_fz=&#8221;lg:30px;&#8221;][\/la_heading][la_divider&hellip;<\/p>\n","protected":false},"author":1,"featured_media":0,"parent":0,"menu_order":0,"comment_status":"closed","ping_status":"closed","template":"","meta":{"spay_email":""},"_links":{"self":[{"href":"https:\/\/mezcalcarreno.com\/alemania\/index.php?rest_route=\/wp\/v2\/pages\/1024"}],"collection":[{"href":"https:\/\/mezcalcarreno.com\/alemania\/index.php?rest_route=\/wp\/v2\/pages"}],"about":[{"href":"https:\/\/mezcalcarreno.com\/alemania\/index.php?rest_route=\/wp\/v2\/types\/page"}],"author":[{"embeddable":true,"href":"https:\/\/mezcalcarreno.com\/alemania\/index.php?rest_route=\/wp\/v2\/users\/1"}],"replies":[{"embeddable":true,"href":"https:\/\/mezcalcarreno.com\/alemania\/index.php?rest_route=%2Fwp%2Fv2%2Fcomments&post=1024"}],"version-history":[{"count":11,"href":"https:\/\/mezcalcarreno.com\/alemania\/index.php?rest_route=\/wp\/v2\/pages\/1024\/revisions"}],"predecessor-version":[{"id":1853,"href":"https:\/\/mezcalcarreno.com\/alemania\/index.php?rest_route=\/wp\/v2\/pages\/1024\/revisions\/1853"}],"wp:attachment":[{"href":"https:\/\/mezcalcarreno.com\/alemania\/index.php?rest_route=%2Fwp%2Fv2%2Fmedia&parent=1024"}],"curies":[{"name":"wp","href":"https:\/\/api.w.org\/{rel}","templated":true}]}}