{"id":1191,"date":"2020-10-26T18:01:59","date_gmt":"2020-10-26T18:01:59","guid":{"rendered":"https:\/\/mezcalcarreno.com\/?page_id=1191"},"modified":"2021-02-05T13:48:28","modified_gmt":"2021-02-05T19:48:28","slug":"ensamble-7","status":"publish","type":"page","link":"https:\/\/mezcalcarreno.com\/alemania\/?page_id=1191","title":{"rendered":"Ensamble 7"},"content":{"rendered":"<p>[vc_row full_width=&#8221;stretch_row_content_no_spaces&#8221;][vc_column][vc_row_inner][vc_column_inner][rev_slider_vc alias=&#8221;ensamble-7&#8243;][\/vc_column_inner][\/vc_row_inner][\/vc_column][\/vc_row][vc_row][vc_column width=&#8221;1\/2&#8243; offset=&#8221;vc_col-lg-offset-3 vc_col-lg-6 vc_col-md-offset-2 vc_col-md-8 vc_col-sm-offset-1&#8243;][vc_row_inner][vc_column_inner][la_divider height=&#8221;lg:80px;&#8221;][la_heading tag=&#8221;h1&#8243; spacer=&#8221;line&#8221; spacer_position=&#8221;middle&#8221; line_height=&#8221;1&#8243; title=&#8221;Zusammenbauen 7&#8243; line_width=&#8221;lg:100px;&#8221; line_class=&#8221;margin-top-25 margin-bottom-20&#8243; title_fz=&#8221;lg:30px;&#8221;]Mischung aus sieben wilden Agaven[\/la_heading][la_divider height=&#8221;lg:35px;&#8221;][vc_single_image image=&#8221;1699&#8243; img_size=&#8221;full&#8221; alignment=&#8221;center&#8221;][vc_column_text]<strong>Totale Harmonie<\/strong><\/p>\n<p>Inspiriert vom Charakter seiner 7 Enkelinnen w\u00e4hlte Apolonio Carre\u00f1o sorgf\u00e4ltig 7 Agavensorten aus, um jede von ihnen darzustellen, und erzielte so ein best\u00e4ndiges Gleichgewicht. Seine seidige Textur offenbart komplexe Aromen und unvergleichliche Aromen. Mit einem exquisiten Nachgeschmack in perfekter Harmonie, um das Mezcal Carre\u00f1o-Erlebnis zu erleben, sagen wir, dass das Au\u00dfergew\u00f6hnliche m\u00f6glich ist.[\/vc_column_text][\/vc_column_inner][\/vc_row_inner][vc_tta_accordion][vc_tta_section title=&#8221;Datenblatt&#8221; tab_id=&#8221;1604006461075-9b76f346-13f0&#8243;][vc_column_text]<\/p>\n<ul>\n<li><strong>Agaven:<\/strong> Tobal\u00e1 (A. Potatorum), Tobasiche (A. Karwinskii), Espad\u00edn (A. Angustifolia), Tepeztate (A. Marmorata), Lumbre (A. SP), Coyote (A. SP)<\/li>\n<li>Handwerker Mezcal<\/li>\n<li>45% Alc.Vol. 750 ml<\/li>\n<li>D.O. Oaxaca<\/li>\n<li>Geschmacksfaktor 89%<\/li>\n<\/ul>\n<p>[\/vc_column_text][\/vc_tta_section][vc_tta_section title=&#8221;Geschmacksnoten&#8221; tab_id=&#8221;1604006461126-29ae3fb1-3996&#8243;][vc_column_text]<\/p>\n<p style=\"padding-left: 40px;\"><strong>Ansicht:<\/strong> Kristallin mit hellgoldenen Farbt\u00f6nen.<\/p>\n<p style=\"padding-left: 40px;\"><strong>Nase:<\/strong> Aromen von tropischen Fr\u00fcchten, Zitrusfr\u00fcchten, etwas ger\u00f6stetem und trockenem Land.<\/p>\n<p style=\"padding-left: 40px;\"><strong>Mund:<\/strong> Zart, aber gleichzeitig stark, Aromen von Papaya und Grapefruit, ger\u00f6stet, N\u00fcsse.<\/p>\n<p style=\"padding-left: 40px;\"><strong>Sensorisch:<\/strong> kristalline, olfaktorische Persistenz, Geschmacksgeschmack, komplex, persistent.<\/p>\n<p style=\"padding-left: 40px;\"><strong>Gesamteindruck:<\/strong> Harmonisch, ausgewogen, rund, kraftvoll, komplex, kausto, vollmundig.<\/p>\n<p>[\/vc_column_text][\/vc_tta_section][\/vc_tta_accordion][la_divider height=&#8221;lg:60px;&#8221;][\/vc_column][\/vc_row][vc_row full_width=&#8221;stretch_row&#8221; css=&#8221;.vc_custom_1605631125474{padding-top: 40px !important;padding-bottom: 40px !important;background-color: #d0a249 !important;}&#8221;][vc_column][la_heading tag=&#8221;h3&#8243; spacer=&#8221;line&#8221; spacer_position=&#8221;middle&#8221; line_height=&#8221;1&#8243; title=&#8221;Awards&#8221; line_width=&#8221;lg:100px;&#8221; title_fz=&#8221;lg:25px;&#8221; line_class=&#8221;margin-top-25 margin-bottom-20&#8243; line_color=&#8221;#ffffff&#8221; title_color=&#8221;#ffffff&#8221;]\n<p style=\"text-align: center;\"><span style=\"color: #ffffff;\">SAN FRANCISCO WORLD SPIRITS COMPETITION 2020<\/span><\/p>\n<p>[\/la_heading][la_divider height=&#8221;lg:60px;&#8221;][vc_row_inner][vc_column_inner width=&#8221;1\/2&#8243;][vc_single_image image=&#8221;1973&#8243; img_size=&#8221;medium&#8221; alignment=&#8221;center&#8221;][vc_column_text]<\/p>\n<p style=\"text-align: center;\"><span style=\"color: #ffffff;\">\u00a0BEST OF CLASS<\/span><\/p>\n<p>[\/vc_column_text][\/vc_column_inner][vc_column_inner width=&#8221;1\/2&#8243;][vc_single_image image=&#8221;1945&#8243; img_size=&#8221;medium&#8221; alignment=&#8221;center&#8221;][vc_column_text]<\/p>\n<p style=\"text-align: center;\"><span style=\"color: #ffffff;\">\u00a0DOUBLE GOLD<\/span><\/p>\n<p>[\/vc_column_text][\/vc_column_inner][\/vc_row_inner][\/vc_column][\/vc_row][vc_row full_width=&#8221;stretch_row&#8221; css=&#8221;.vc_custom_1605631125474{padding-top: 40px !important;padding-bottom: 40px !important;background-color: #d0a249 !important;}&#8221;][vc_column][la_heading tag=&#8221;h3&#8243; spacer=&#8221;line&#8221; spacer_position=&#8221;middle&#8221; line_height=&#8221;1&#8243; title=&#8221;Medalla&#8221; line_width=&#8221;lg:100px;&#8221; title_fz=&#8221;lg:25px;&#8221; line_class=&#8221;margin-top-25 margin-bottom-20&#8243; line_color=&#8221;#ffffff&#8221; title_color=&#8221;#ffffff&#8221;]\n<p style=\"text-align: center;\"><span style=\"color: #ffffff;\">Academia del Mezcal y Maguey 2017<\/span><\/p>\n<p>[\/la_heading][la_divider height=&#8221;lg:60px;&#8221;][vc_row_inner][vc_column_inner][vc_single_image image=&#8221;2141&#8243; img_size=&#8221;medium&#8221; alignment=&#8221;center&#8221;][\/vc_column_inner][\/vc_row_inner][\/vc_column][\/vc_row][vc_row][vc_column][vc_row_inner][vc_column_inner][la_divider height=&#8221;lg:60px;&#8221;][la_heading tag=&#8221;h3&#8243; spacer=&#8221;line&#8221; spacer_position=&#8221;middle&#8221; line_height=&#8221;1&#8243; title=&#8221;Unsere Produkte&#8221; line_width=&#8221;lg:100px;&#8221; line_class=&#8221;margin-top-25 margin-bottom-20&#8243; title_fz=&#8221;lg:18px;&#8221;][\/la_heading][la_divider height=&#8221;lg:60px;&#8221;][\/vc_column_inner][\/vc_row_inner][vc_row_inner][vc_column_inner][products layout=&#8221;grid&#8221; orderby=&#8221;rand&#8221; order=&#8221;DESC&#8221; ids=&#8221;&#8221; columns=&#8221;xlg:3;lg:3;md:2;sm:2;xs:1;mb:1;&#8221;][\/vc_column_inner][\/vc_row_inner][\/vc_column][\/vc_row]<\/p>\n","protected":false},"excerpt":{"rendered":"<p>[vc_row full_width=&#8221;stretch_row_content_no_spaces&#8221;][vc_column][vc_row_inner][vc_column_inner][rev_slider_vc alias=&#8221;ensamble-7&#8243;][\/vc_column_inner][\/vc_row_inner][\/vc_column][\/vc_row][vc_row][vc_column width=&#8221;1\/2&#8243; offset=&#8221;vc_col-lg-offset-3 vc_col-lg-6 vc_col-md-offset-2 vc_col-md-8 vc_col-sm-offset-1&#8243;][vc_row_inner][vc_column_inner][la_divider height=&#8221;lg:80px;&#8221;][la_heading tag=&#8221;h1&#8243; spacer=&#8221;line&#8221; spacer_position=&#8221;middle&#8221; line_height=&#8221;1&#8243; title=&#8221;Zusammenbauen 7&#8243; line_width=&#8221;lg:100px;&#8221; line_class=&#8221;margin-top-25 margin-bottom-20&#8243; title_fz=&#8221;lg:30px;&#8221;]Mischung&hellip;<\/p>\n","protected":false},"author":1,"featured_media":0,"parent":1011,"menu_order":0,"comment_status":"closed","ping_status":"closed","template":"","meta":{"spay_email":""},"_links":{"self":[{"href":"https:\/\/mezcalcarreno.com\/alemania\/index.php?rest_route=\/wp\/v2\/pages\/1191"}],"collection":[{"href":"https:\/\/mezcalcarreno.com\/alemania\/index.php?rest_route=\/wp\/v2\/pages"}],"about":[{"href":"https:\/\/mezcalcarreno.com\/alemania\/index.php?rest_route=\/wp\/v2\/types\/page"}],"author":[{"embeddable":true,"href":"https:\/\/mezcalcarreno.com\/alemania\/index.php?rest_route=\/wp\/v2\/users\/1"}],"replies":[{"embeddable":true,"href":"https:\/\/mezcalcarreno.com\/alemania\/index.php?rest_route=%2Fwp%2Fv2%2Fcomments&post=1191"}],"version-history":[{"count":41,"href":"https:\/\/mezcalcarreno.com\/alemania\/index.php?rest_route=\/wp\/v2\/pages\/1191\/revisions"}],"predecessor-version":[{"id":2338,"href":"https:\/\/mezcalcarreno.com\/alemania\/index.php?rest_route=\/wp\/v2\/pages\/1191\/revisions\/2338"}],"up":[{"embeddable":true,"href":"https:\/\/mezcalcarreno.com\/alemania\/index.php?rest_route=\/wp\/v2\/pages\/1011"}],"wp:attachment":[{"href":"https:\/\/mezcalcarreno.com\/alemania\/index.php?rest_route=%2Fwp%2Fv2%2Fmedia&parent=1191"}],"curies":[{"name":"wp","href":"https:\/\/api.w.org\/{rel}","templated":true}]}}