{"id":1193,"date":"2020-10-26T18:02:30","date_gmt":"2020-10-26T18:02:30","guid":{"rendered":"https:\/\/mezcalcarreno.com\/?page_id=1193"},"modified":"2021-02-05T13:52:24","modified_gmt":"2021-02-05T19:52:24","slug":"tobala","status":"publish","type":"page","link":"https:\/\/mezcalcarreno.com\/alemania\/?page_id=1193","title":{"rendered":"Tobala"},"content":{"rendered":"<p>[vc_row][vc_column][vc_row_inner][vc_column_inner][rev_slider_vc alias=&#8221;tobala&#8221;][\/vc_column_inner][\/vc_row_inner][\/vc_column][\/vc_row][vc_row][vc_column width=&#8221;1\/2&#8243; offset=&#8221;vc_col-lg-offset-3 vc_col-lg-6 vc_col-md-offset-2 vc_col-md-8 vc_col-sm-offset-1&#8243;][vc_row_inner][vc_column_inner][la_divider height=&#8221;lg:80px;&#8221;][la_heading tag=&#8221;h1&#8243; spacer=&#8221;line&#8221; spacer_position=&#8221;middle&#8221; line_height=&#8221;1&#8243; title=&#8221;Tobal\u00e1&#8221; line_width=&#8221;lg:100px;&#8221; line_class=&#8221;margin-top-25 margin-bottom-20&#8243; title_fz=&#8221;lg:30px;&#8221;]Monovarietal 100% Tobal\u00e1[\/la_heading][la_divider height=&#8221;lg:80px;&#8221;][vc_single_image image=&#8221;1701&#8243; img_size=&#8221;full&#8221; alignment=&#8221;center&#8221;][vc_column_text]<strong>Junge Tobal\u00e1<\/strong><\/p>\n<p>Wir m\u00f6chten, dass Sie Teil unserer Tradition sind und in jedem Schluck Mezcal Carre\u00f1o, der mit 12-j\u00e4hriger Reifung hergestellt wurde, Tobal\u00e1, den Geschmack des Landes Oaxaca, die Arbeit indigener H\u00e4nde und das Engagement des Mezcal-Meisters entdecken.[\/vc_column_text][\/vc_column_inner][\/vc_row_inner][vc_tta_accordion][vc_tta_section title=&#8221;Datenblatt&#8221; tab_id=&#8221;1604007646158-7cb81fb0-a745&#8243;][vc_column_text]<\/p>\n<div id=\"la-heading-5f9b36b081d1e\" class=\"la-headings text-left spacer-position-middle\" data-animation-class=\"\">\n<div class=\"subheading-tag la-unit-responsive\">\n<ul>\n<li><strong>Agaven:<\/strong> Tobal\u00e1 (A. Potatorum Zucc)<\/li>\n<li>Handwerker Mezcal<\/li>\n<li>46% Alc.Vol. 750 ml<\/li>\n<li>D.O. Oaxaca<\/li>\n<li>Geschmacksfaktor 77%<\/li>\n<\/ul>\n<\/div>\n<\/div>\n<p>[\/vc_column_text][\/vc_tta_section][vc_tta_section title=&#8221;Geschmacksnoten&#8221; tab_id=&#8221;1604007646203-a5c57079-92a9&#8243;][vc_column_text]<\/p>\n<p style=\"padding-left: 40px;\"><strong>Ansicht:<\/strong> Kristallin<\/p>\n<p style=\"padding-left: 40px;\"><strong>Nase:<\/strong> Aromen von getrockneten Fr\u00fcchten und blumige Komplexit\u00e4t.<\/p>\n<p style=\"padding-left: 40px;\"><strong>Mund:<\/strong> Noten von Mandeln, ger\u00f6stet, Asche, Stiel und Schnittlauch. Ein Mezcal mit zarter und kraftvoller Kraft, der harmonisch und vollst\u00e4ndig im Glas pr\u00e4sentiert wird.<\/p>\n<p style=\"padding-left: 40px;\"><strong>Sensorisch:<\/strong> Kristalliner, geschmacklicher Nachgeschmack, komplexe Persistenz.<\/p>\n<p style=\"padding-left: 40px;\"><strong>Gesamteindruck:<\/strong> Kraftvoll, kaustisch, harmonisch, komplex.<\/p>\n<p style=\"padding-left: 40px;\"><strong>Agave:<\/strong><\/p>\n<p style=\"padding-left: 40px;\">Rosette 1 m breit und 0,90 m hoch mit ovalen Bl\u00e4ttern, gewellten R\u00e4ndern von gr\u00fcn bis dunkelwei\u00df, mit gebogenen und dunklen Stacheln.<\/p>\n<p style=\"padding-left: 40px;\">Es befindet sich im Landesinneren und in trockenen Teilen der Sierra Madre del Sur in Oaxaca. Der gr\u00f6\u00dfte Teil der Produktion des Tobal\u00e1 Mezcal h\u00e4ngt von den Wildpopulationen an den Bergh\u00e4ngen ab und ist eine hoch gesch\u00e4tzte Magie. Die Laufzeit betr\u00e4gt 10 bis 12 Jahre.<\/p>\n<p>[\/vc_column_text][\/vc_tta_section][\/vc_tta_accordion][\/vc_column][\/vc_row][vc_row full_width=&#8221;stretch_row&#8221; css=&#8221;.vc_custom_1605633746025{padding-top: 50px !important;padding-bottom: 50px !important;background-color: #db59bf !important;}&#8221;][vc_column][la_heading tag=&#8221;h3&#8243; spacer=&#8221;line&#8221; spacer_position=&#8221;middle&#8221; line_height=&#8221;1&#8243; title=&#8221;Awards&#8221; line_width=&#8221;lg:100px;&#8221; line_color=&#8221;#ffffff&#8221; line_class=&#8221;margin-top-25 margin-bottom-20&#8243; title_fz=&#8221;lg:25px;&#8221; title_color=&#8221;#ffffff&#8221;]\n<p style=\"text-align: center;\"><span style=\"color: #ffffff;\">SAN FRANCISCO WORLD SPIRITS COMPETITION 2020<\/span><\/p>\n<p>[\/la_heading][la_divider height=&#8221;lg:60px;&#8221;][vc_row_inner][vc_column_inner][vc_single_image image=&#8221;1945&#8243; img_size=&#8221;medium&#8221; alignment=&#8221;center&#8221;][vc_column_text]<\/p>\n<p style=\"text-align: center;\"><span style=\"color: #ffffff;\">DOUBLE GOLD<\/span><\/p>\n<p>[\/vc_column_text][\/vc_column_inner][\/vc_row_inner][\/vc_column][\/vc_row][vc_row full_width=&#8221;stretch_row&#8221; css=&#8221;.vc_custom_1605633746025{padding-top: 50px !important;padding-bottom: 50px !important;background-color: #db59bf !important;}&#8221;][vc_column][la_heading tag=&#8221;h3&#8243; spacer=&#8221;line&#8221; spacer_position=&#8221;middle&#8221; line_height=&#8221;1&#8243; title=&#8221;Medalla&#8221; line_width=&#8221;lg:100px;&#8221; line_color=&#8221;#ffffff&#8221; line_class=&#8221;margin-top-25 margin-bottom-20&#8243; title_fz=&#8221;lg:25px;&#8221; title_color=&#8221;#ffffff&#8221;]\n<p style=\"text-align: center;\"><span style=\"color: #ffffff;\">Academia del Mezcal y Maguey 2017<\/span><\/p>\n<p>[\/la_heading][la_divider height=&#8221;lg:60px;&#8221;][vc_row_inner][vc_column_inner][vc_single_image image=&#8221;2137&#8243; img_size=&#8221;medium&#8221; alignment=&#8221;center&#8221;][\/vc_column_inner][\/vc_row_inner][\/vc_column][\/vc_row][vc_row][vc_column][la_divider height=&#8221;lg:60px;&#8221;][la_heading tag=&#8221;h3&#8243; spacer=&#8221;line&#8221; spacer_position=&#8221;middle&#8221; line_height=&#8221;1&#8243; title=&#8221;Unsere Produkte&#8221; line_width=&#8221;lg:100px;&#8221; line_class=&#8221;margin-top-25 margin-bottom-20&#8243; title_fz=&#8221;lg:18px;&#8221;][\/la_heading][la_divider height=&#8221;lg:60px;&#8221;][vc_row_inner][vc_column_inner][products layout=&#8221;grid&#8221; orderby=&#8221;rand&#8221; order=&#8221;DESC&#8221; ids=&#8221;&#8221; columns=&#8221;xlg:3;lg:3;md:2;sm:2;xs:1;mb:1;&#8221;][\/vc_column_inner][\/vc_row_inner][\/vc_column][\/vc_row]<\/p>\n","protected":false},"excerpt":{"rendered":"<p>[vc_row][vc_column][vc_row_inner][vc_column_inner][rev_slider_vc alias=&#8221;tobala&#8221;][\/vc_column_inner][\/vc_row_inner][\/vc_column][\/vc_row][vc_row][vc_column width=&#8221;1\/2&#8243; offset=&#8221;vc_col-lg-offset-3 vc_col-lg-6 vc_col-md-offset-2 vc_col-md-8 vc_col-sm-offset-1&#8243;][vc_row_inner][vc_column_inner][la_divider height=&#8221;lg:80px;&#8221;][la_heading tag=&#8221;h1&#8243; spacer=&#8221;line&#8221; spacer_position=&#8221;middle&#8221; line_height=&#8221;1&#8243; title=&#8221;Tobal\u00e1&#8221; line_width=&#8221;lg:100px;&#8221; line_class=&#8221;margin-top-25 margin-bottom-20&#8243; title_fz=&#8221;lg:30px;&#8221;]Monovarietal 100% Tobal\u00e1[\/la_heading][la_divider&hellip;<\/p>\n","protected":false},"author":1,"featured_media":0,"parent":1011,"menu_order":0,"comment_status":"closed","ping_status":"closed","template":"","meta":{"spay_email":""},"_links":{"self":[{"href":"https:\/\/mezcalcarreno.com\/alemania\/index.php?rest_route=\/wp\/v2\/pages\/1193"}],"collection":[{"href":"https:\/\/mezcalcarreno.com\/alemania\/index.php?rest_route=\/wp\/v2\/pages"}],"about":[{"href":"https:\/\/mezcalcarreno.com\/alemania\/index.php?rest_route=\/wp\/v2\/types\/page"}],"author":[{"embeddable":true,"href":"https:\/\/mezcalcarreno.com\/alemania\/index.php?rest_route=\/wp\/v2\/users\/1"}],"replies":[{"embeddable":true,"href":"https:\/\/mezcalcarreno.com\/alemania\/index.php?rest_route=%2Fwp%2Fv2%2Fcomments&post=1193"}],"version-history":[{"count":20,"href":"https:\/\/mezcalcarreno.com\/alemania\/index.php?rest_route=\/wp\/v2\/pages\/1193\/revisions"}],"predecessor-version":[{"id":2342,"href":"https:\/\/mezcalcarreno.com\/alemania\/index.php?rest_route=\/wp\/v2\/pages\/1193\/revisions\/2342"}],"up":[{"embeddable":true,"href":"https:\/\/mezcalcarreno.com\/alemania\/index.php?rest_route=\/wp\/v2\/pages\/1011"}],"wp:attachment":[{"href":"https:\/\/mezcalcarreno.com\/alemania\/index.php?rest_route=%2Fwp%2Fv2%2Fmedia&parent=1193"}],"curies":[{"name":"wp","href":"https:\/\/api.w.org\/{rel}","templated":true}]}}