{"id":1195,"date":"2020-10-26T18:03:08","date_gmt":"2020-10-26T18:03:08","guid":{"rendered":"https:\/\/mezcalcarreno.com\/?page_id=1195"},"modified":"2021-02-05T13:53:17","modified_gmt":"2021-02-05T19:53:17","slug":"tobasiche","status":"publish","type":"page","link":"https:\/\/mezcalcarreno.com\/alemania\/?page_id=1195","title":{"rendered":"Tobasiche"},"content":{"rendered":"<p>[vc_row full_width=&#8221;stretch_row_content_no_spaces&#8221;][vc_column][vc_row_inner][vc_column_inner][rev_slider_vc alias=&#8221;tobasiche&#8221;][\/vc_column_inner][\/vc_row_inner][\/vc_column][\/vc_row][vc_row][vc_column width=&#8221;1\/2&#8243; offset=&#8221;vc_col-lg-offset-3 vc_col-lg-6 vc_col-md-offset-2 vc_col-md-8 vc_col-sm-offset-1&#8243;][vc_row_inner][vc_column_inner][la_divider height=&#8221;lg:80px;md:40px;sm:40px;xs:40px;mb:25px;&#8221;][la_heading tag=&#8221;h1&#8243; spacer=&#8221;line&#8221; spacer_position=&#8221;middle&#8221; line_height=&#8221;1&#8243; title=&#8221;Tobasiche&#8221; line_width=&#8221;lg:100px;&#8221; line_class=&#8221;margin-top-25 margin-bottom-20&#8243; title_fz=&#8221;lg:30px;&#8221;]100% Tobasiche Monovarietal[\/la_heading][la_divider height=&#8221;lg:35px;&#8221;][vc_single_image image=&#8221;1702&#8243; img_size=&#8221;full&#8221; alignment=&#8221;center&#8221;][vc_column_text]<strong>Tobasiche Young<\/strong><\/p>\n<p>Wir m\u00f6chten, dass Sie Teil unserer Tradition sind und in jedem Schluck Mezcal Carre\u00f1o, hergestellt aus 12 Jahre reifendem Tobasiche, den Geschmack des Landes Oaxaca, die Arbeit indigener H\u00e4nde und das Engagement des Mezcalero-Meisters entdecken.[\/vc_column_text][\/vc_column_inner][\/vc_row_inner][vc_tta_accordion][vc_tta_section title=&#8221;Datenblatt&#8221; tab_id=&#8221;1604004524374-f4fc3e68-5f8b&#8221;][vc_column_text]<\/p>\n<ul>\n<li><strong>Agaven:<\/strong> Tobasiche (A. Karwinskii)<\/li>\n<li>Handwerker Mezcal<\/li>\n<li>45% Alc.Vol. 750 ml<\/li>\n<li>D.O. Oaxaca<\/li>\n<li>Geschmacksfaktor 89%<\/li>\n<\/ul>\n<p>[\/vc_column_text][\/vc_tta_section][vc_tta_section title=&#8221;Geschmacksnoten&#8221; tab_id=&#8221;1604004524421-d50a8dfb-32a6&#8243;][vc_column_text]<\/p>\n<p style=\"padding-left: 40px;\"><strong>Ansicht:<\/strong> Kristalline hellgr\u00fcne Nuancen.<\/p>\n<p style=\"padding-left: 40px;\"><strong>Nase:<\/strong> Aromen von Zeder, Wurzeln, Noten von Papaya und leichtem Rauch.<\/p>\n<p style=\"padding-left: 40px;\"><strong>Mund:<\/strong> Get\u00f6nte und energiegeladene, lebendige Aromen werden durch die olfaktorischen Informationen best\u00e4tigt.<\/p>\n<p style=\"padding-left: 40px;\"><strong>Sensorisch:<\/strong> Kristalline, komplexe, sehr empfindliche Persistenz, geschmacklicher Nachgeschmack.<\/p>\n<p style=\"padding-left: 40px;\"><strong>Gesamteindruck:<\/strong> Kraftvoll, komplex, vollmundig, harmonisch, geschmeidig.<\/p>\n<p style=\"padding-left: 40px;\"><strong>Agave:<\/strong><\/p>\n<p style=\"padding-left: 40px;\">1,5 m breite und 1,5 m hohe Rosette auf einem bis zu 2,5 m hohen Stamm mit geraden und schmalen Bl\u00e4ttern, klein und mit dunkelgr\u00fcnen T\u00f6nen. Eine Art, die ihre Verbreitung auf die Trockengebiete der Zentralt\u00e4ler von Oaxaca beschr\u00e4nkt und zwischen 750 und 2000 m H\u00f6he vorkommt. Eine Art mit einem variablen Erscheinungsbild aufgrund ihrer genetischen Ver\u00e4nderungen mit \u00c4nderung der Dicke, weshalb so viele Variablen erkannt werden. Die Laufzeit betr\u00e4gt 12 bis 14 Jahre.<\/p>\n<p>[\/vc_column_text][\/vc_tta_section][\/vc_tta_accordion][\/vc_column][\/vc_row][vc_row full_width=&#8221;stretch_row&#8221; css=&#8221;.vc_custom_1605631642960{padding-top: 50px !important;padding-bottom: 50px !important;background-color: #e2af9b !important;}&#8221;][vc_column][la_heading tag=&#8221;h3&#8243; spacer=&#8221;line&#8221; spacer_position=&#8221;middle&#8221; line_height=&#8221;1&#8243; title=&#8221;Awards&#8221; line_width=&#8221;lg:100px;&#8221; line_color=&#8221;#ffffff&#8221; subtitle_class=&#8221;margin-top-25 margin-bottom-20&#8243; title_fz=&#8221;lg:25px;&#8221; title_color=&#8221;#ffffff&#8221;]\n<p style=\"text-align: center;\"><span style=\"color: #ffffff;\">SAN FRANCISCO WORLD SPIRITS COMPETITION 2020<\/span><\/p>\n<p>[\/la_heading][la_divider height=&#8221;lg:60px;&#8221;][vc_row_inner][vc_column_inner][vc_single_image image=&#8221;1954&#8243; img_size=&#8221;medium&#8221; alignment=&#8221;center&#8221;][vc_column_text]<\/p>\n<p style=\"text-align: center;\"><span style=\"color: #ffffff;\">SILVER<\/span><\/p>\n<p>[\/vc_column_text][\/vc_column_inner][\/vc_row_inner][\/vc_column][\/vc_row][vc_row full_width=&#8221;stretch_row&#8221; css=&#8221;.vc_custom_1605631642960{padding-top: 50px !important;padding-bottom: 50px !important;background-color: #e2af9b !important;}&#8221;][vc_column][la_heading tag=&#8221;h3&#8243; spacer=&#8221;line&#8221; spacer_position=&#8221;middle&#8221; line_height=&#8221;1&#8243; title=&#8221;Medalla&#8221; line_width=&#8221;lg:100px;&#8221; line_color=&#8221;#ffffff&#8221; subtitle_class=&#8221;margin-top-25 margin-bottom-20&#8243; title_fz=&#8221;lg:25px;&#8221; title_color=&#8221;#ffffff&#8221;]\n<p style=\"text-align: center;\"><span style=\"color: #ffffff;\">Academia del Mezcal y Maguey 2018<\/span><\/p>\n<p>[\/la_heading][la_divider height=&#8221;lg:60px;&#8221;][vc_row_inner][vc_column_inner][vc_single_image image=&#8221;2133&#8243; img_size=&#8221;medium&#8221; alignment=&#8221;center&#8221;][\/vc_column_inner][\/vc_row_inner][\/vc_column][\/vc_row][vc_row][vc_column][vc_row_inner][vc_column_inner][la_divider height=&#8221;lg:60px;&#8221;][la_heading tag=&#8221;h3&#8243; spacer=&#8221;line&#8221; spacer_position=&#8221;middle&#8221; line_height=&#8221;1&#8243; title=&#8221;Unsere Produkte&#8221; line_width=&#8221;lg:100px;&#8221; line_class=&#8221;margin-top-25 margin-bottom-20&#8243; title_fz=&#8221;lg:18px;&#8221;][\/la_heading][la_divider height=&#8221;lg:60px;&#8221;][products layout=&#8221;grid&#8221; orderby=&#8221;rand&#8221; order=&#8221;DESC&#8221; ids=&#8221;&#8221; columns=&#8221;xlg:3;lg:3;md:2;sm:2;xs:1;mb:1;&#8221;][\/vc_column_inner][\/vc_row_inner][\/vc_column][\/vc_row]<\/p>\n","protected":false},"excerpt":{"rendered":"<p>[vc_row full_width=&#8221;stretch_row_content_no_spaces&#8221;][vc_column][vc_row_inner][vc_column_inner][rev_slider_vc alias=&#8221;tobasiche&#8221;][\/vc_column_inner][\/vc_row_inner][\/vc_column][\/vc_row][vc_row][vc_column width=&#8221;1\/2&#8243; offset=&#8221;vc_col-lg-offset-3 vc_col-lg-6 vc_col-md-offset-2 vc_col-md-8 vc_col-sm-offset-1&#8243;][vc_row_inner][vc_column_inner][la_divider height=&#8221;lg:80px;md:40px;sm:40px;xs:40px;mb:25px;&#8221;][la_heading tag=&#8221;h1&#8243; spacer=&#8221;line&#8221; spacer_position=&#8221;middle&#8221; line_height=&#8221;1&#8243; title=&#8221;Tobasiche&#8221; line_width=&#8221;lg:100px;&#8221; line_class=&#8221;margin-top-25 margin-bottom-20&#8243; title_fz=&#8221;lg:30px;&#8221;]100% Tobasiche&hellip;<\/p>\n","protected":false},"author":1,"featured_media":0,"parent":1011,"menu_order":0,"comment_status":"closed","ping_status":"closed","template":"","meta":{"spay_email":""},"_links":{"self":[{"href":"https:\/\/mezcalcarreno.com\/alemania\/index.php?rest_route=\/wp\/v2\/pages\/1195"}],"collection":[{"href":"https:\/\/mezcalcarreno.com\/alemania\/index.php?rest_route=\/wp\/v2\/pages"}],"about":[{"href":"https:\/\/mezcalcarreno.com\/alemania\/index.php?rest_route=\/wp\/v2\/types\/page"}],"author":[{"embeddable":true,"href":"https:\/\/mezcalcarreno.com\/alemania\/index.php?rest_route=\/wp\/v2\/users\/1"}],"replies":[{"embeddable":true,"href":"https:\/\/mezcalcarreno.com\/alemania\/index.php?rest_route=%2Fwp%2Fv2%2Fcomments&post=1195"}],"version-history":[{"count":35,"href":"https:\/\/mezcalcarreno.com\/alemania\/index.php?rest_route=\/wp\/v2\/pages\/1195\/revisions"}],"predecessor-version":[{"id":2343,"href":"https:\/\/mezcalcarreno.com\/alemania\/index.php?rest_route=\/wp\/v2\/pages\/1195\/revisions\/2343"}],"up":[{"embeddable":true,"href":"https:\/\/mezcalcarreno.com\/alemania\/index.php?rest_route=\/wp\/v2\/pages\/1011"}],"wp:attachment":[{"href":"https:\/\/mezcalcarreno.com\/alemania\/index.php?rest_route=%2Fwp%2Fv2%2Fmedia&parent=1195"}],"curies":[{"name":"wp","href":"https:\/\/api.w.org\/{rel}","templated":true}]}}