{"id":1197,"date":"2020-10-26T18:03:38","date_gmt":"2020-10-26T18:03:38","guid":{"rendered":"https:\/\/mezcalcarreno.com\/?page_id=1197"},"modified":"2021-02-05T13:50:49","modified_gmt":"2021-02-05T19:50:49","slug":"tepeztate","status":"publish","type":"page","link":"https:\/\/mezcalcarreno.com\/alemania\/?page_id=1197","title":{"rendered":"Tepeztate"},"content":{"rendered":"<p>[vc_row][vc_column][vc_row_inner][vc_column_inner][rev_slider_vc alias=&#8221;tepeztate&#8221;][\/vc_column_inner][\/vc_row_inner][\/vc_column][\/vc_row][vc_row][vc_column width=&#8221;1\/2&#8243; offset=&#8221;vc_col-lg-offset-3 vc_col-lg-6 vc_col-md-offset-2 vc_col-md-8 vc_col-sm-offset-1&#8243;][vc_row_inner][vc_column_inner][la_divider height=&#8221;lg:80px;&#8221;][la_heading tag=&#8221;h1&#8243; spacer=&#8221;line&#8221; spacer_position=&#8221;middle&#8221; line_height=&#8221;1&#8243; title=&#8221;Tepeztate&#8221; line_width=&#8221;lg:100px;&#8221; line_class=&#8221;margin-top-25 margin-bottom-20&#8243; title_fz=&#8221;lg:30px;&#8221;]Monovarietal 100% Tepeztate[\/la_heading][la_divider height=&#8221;lg:35px;&#8221;][vc_single_image image=&#8221;1700&#8243; img_size=&#8221;full&#8221; alignment=&#8221;right&#8221;][vc_column_text]<strong>Tepeztate jung<\/strong><\/p>\n<p>Jeder Schluck Tepeztate Mezcal bietet Ihnen aufgrund des felsigen Gebiets, in dem es w\u00e4chst, besondere mineralische Aromen. Es ist ausgewogen, zart, aber kraftvoll, um eine Harmonie in Aromen von gekochter Agave mit krautigen Noten und leichten Noten von Jalape\u00f1o zu bieten.[\/vc_column_text][\/vc_column_inner][\/vc_row_inner][vc_tta_accordion][vc_tta_section title=&#8221;Datenblatt&#8221; tab_id=&#8221;1604007449673-c983d82e-8491&#8243;][vc_column_text]<\/p>\n<ul>\n<li><strong>Agaven:<\/strong> Tepeztate (A. Marmorata)<\/li>\n<li><span style=\"font-family: -apple-system, BlinkMacSystemFont, 'Segoe UI', Roboto, Oxygen-Sans, Ubuntu, Cantarell, 'Helvetica Neue', sans-serif;\">Handwerker Mezcal<\/span><\/li>\n<li><span style=\"font-family: -apple-system, BlinkMacSystemFont, 'Segoe UI', Roboto, Oxygen-Sans, Ubuntu, Cantarell, 'Helvetica Neue', sans-serif;\">46% Alc.Vol. 750 ml<\/span><\/li>\n<li><span style=\"font-family: -apple-system, BlinkMacSystemFont, 'Segoe UI', Roboto, Oxygen-Sans, Ubuntu, Cantarell, 'Helvetica Neue', sans-serif;\">TUN. Oaxaca<\/span><\/li>\n<li><span style=\"font-family: -apple-system, BlinkMacSystemFont, 'Segoe UI', Roboto, Oxygen-Sans, Ubuntu, Cantarell, 'Helvetica Neue', sans-serif;\">Geschmacksfaktor 80%<\/span><\/li>\n<\/ul>\n<p>[\/vc_column_text][\/vc_tta_section][vc_tta_section title=&#8221;Geschmacksnoten&#8221; tab_id=&#8221;1604007449731-72e46a85-df71&#8243;][vc_column_text]<\/p>\n<div id=\"la-heading-5f9b363320a01\" class=\"la-headings text-left spacer-position-middle\" data-animation-class=\"\">\n<div class=\"subheading-tag la-unit-responsive\">\n<p style=\"padding-left: 40px;\"><strong>Ansicht:<\/strong> Kristalline, silberne Reflexionen.<\/p>\n<p style=\"padding-left: 40px;\"><strong>Nase:<\/strong> Aromen von Zeder, Wurzeln, Noten von Papaya und leichtem Rauch.<\/p>\n<p style=\"padding-left: 40px;\"><strong>Mund:<\/strong> Mineralit\u00e4t, Harmonie gekochter Agavenaromen, krautige Noten von Jalape\u00f1o.<\/p>\n<p style=\"padding-left: 40px;\"><strong>Sensorisch:<\/strong> Kristalline, olfaktorische Persistenz, Geschmacksnachgeschmack, komplex, persistent.<\/p>\n<p style=\"padding-left: 40px;\"><strong>Gesamteindruck:<\/strong> Harmonisch, ausgeglichen, vollmundig, rund, kraftvoll.<\/p>\n<p style=\"padding-left: 40px;\"><strong>Agave:<\/strong><\/p>\n<p style=\"padding-left: 40px;\">Rosette von 2 m Breite und ca. 1,5 bis 2 m H\u00f6he, mit welligen und offenen Bl\u00e4ttern, mit horizontalen Linien auf dunkelgr\u00fcn, mit gro\u00dfen Dornen. Es ist in felsigen Gebieten und steilen Klippen zu finden. Der Nektar aus seinen leuchtend orangefarbenen Bl\u00fcten ist f\u00fcr Kolibris, V\u00f6gel, Flederm\u00e4use und Nachtschmetterlinge von unsch\u00e4tzbarem Wert. Die Reifezeit betr\u00e4gt 20 bis 25 Jahre.<\/p>\n<\/div>\n<\/div>\n<p>[\/vc_column_text][\/vc_tta_section][\/vc_tta_accordion][\/vc_column][\/vc_row][vc_row full_width=&#8221;stretch_row&#8221; css=&#8221;.vc_custom_1605632163048{padding-top: 50px !important;padding-bottom: 50px !important;background-color: #a2acbb !important;}&#8221;][vc_column][la_heading tag=&#8221;h3&#8243; spacer=&#8221;line&#8221; spacer_position=&#8221;middle&#8221; line_height=&#8221;1&#8243; title=&#8221;Awards&#8221; line_width=&#8221;lg:100px;&#8221; line_color=&#8221;#ffffff&#8221; line_class=&#8221;margin-top-25 margin-bottom-20&#8243; title_fz=&#8221;lg:25px;&#8221; title_color=&#8221;#ffffff&#8221;]\n<p style=\"text-align: center;\"><span style=\"color: #ffffff;\">SAN FRANCISCO WORLD SPIRITS COMPETITION 2020<\/span><\/p>\n<p>[\/la_heading][la_divider height=&#8221;lg:60px;&#8221;][vc_row_inner][vc_column_inner][vc_single_image image=&#8221;1962&#8243; img_size=&#8221;medium&#8221; alignment=&#8221;center&#8221;][vc_column_text]<\/p>\n<p style=\"text-align: center;\"><span style=\"color: #ffffff;\">GOLD<\/span><\/p>\n<p>[\/vc_column_text][\/vc_column_inner][\/vc_row_inner][\/vc_column][\/vc_row][vc_row][vc_column][vc_row_inner][vc_column_inner][la_divider height=&#8221;lg:60px;&#8221;][la_heading tag=&#8221;h3&#8243; spacer=&#8221;line&#8221; spacer_position=&#8221;middle&#8221; line_height=&#8221;1&#8243; title=&#8221;Unsere Produkte&#8221; line_width=&#8221;lg:100px;&#8221; line_class=&#8221;margin-top-25 margin-bottom-20&#8243; title_fz=&#8221;lg:18px;&#8221;][\/la_heading][la_divider height=&#8221;lg:60px;&#8221;][products layout=&#8221;grid&#8221; orderby=&#8221;rand&#8221; order=&#8221;DESC&#8221; ids=&#8221;&#8221; columns=&#8221;xlg:3;lg:3;md:2;sm:2;xs:1;mb:1;&#8221;][\/vc_column_inner][\/vc_row_inner][\/vc_column][\/vc_row]<\/p>\n","protected":false},"excerpt":{"rendered":"<p>[vc_row][vc_column][vc_row_inner][vc_column_inner][rev_slider_vc alias=&#8221;tepeztate&#8221;][\/vc_column_inner][\/vc_row_inner][\/vc_column][\/vc_row][vc_row][vc_column width=&#8221;1\/2&#8243; offset=&#8221;vc_col-lg-offset-3 vc_col-lg-6 vc_col-md-offset-2 vc_col-md-8 vc_col-sm-offset-1&#8243;][vc_row_inner][vc_column_inner][la_divider height=&#8221;lg:80px;&#8221;][la_heading tag=&#8221;h1&#8243; spacer=&#8221;line&#8221; spacer_position=&#8221;middle&#8221; line_height=&#8221;1&#8243; title=&#8221;Tepeztate&#8221; line_width=&#8221;lg:100px;&#8221; line_class=&#8221;margin-top-25 margin-bottom-20&#8243; title_fz=&#8221;lg:30px;&#8221;]Monovarietal 100% Tepeztate[\/la_heading][la_divider&hellip;<\/p>\n","protected":false},"author":1,"featured_media":0,"parent":1011,"menu_order":0,"comment_status":"closed","ping_status":"closed","template":"","meta":{"spay_email":""},"_links":{"self":[{"href":"https:\/\/mezcalcarreno.com\/alemania\/index.php?rest_route=\/wp\/v2\/pages\/1197"}],"collection":[{"href":"https:\/\/mezcalcarreno.com\/alemania\/index.php?rest_route=\/wp\/v2\/pages"}],"about":[{"href":"https:\/\/mezcalcarreno.com\/alemania\/index.php?rest_route=\/wp\/v2\/types\/page"}],"author":[{"embeddable":true,"href":"https:\/\/mezcalcarreno.com\/alemania\/index.php?rest_route=\/wp\/v2\/users\/1"}],"replies":[{"embeddable":true,"href":"https:\/\/mezcalcarreno.com\/alemania\/index.php?rest_route=%2Fwp%2Fv2%2Fcomments&post=1197"}],"version-history":[{"count":18,"href":"https:\/\/mezcalcarreno.com\/alemania\/index.php?rest_route=\/wp\/v2\/pages\/1197\/revisions"}],"predecessor-version":[{"id":2341,"href":"https:\/\/mezcalcarreno.com\/alemania\/index.php?rest_route=\/wp\/v2\/pages\/1197\/revisions\/2341"}],"up":[{"embeddable":true,"href":"https:\/\/mezcalcarreno.com\/alemania\/index.php?rest_route=\/wp\/v2\/pages\/1011"}],"wp:attachment":[{"href":"https:\/\/mezcalcarreno.com\/alemania\/index.php?rest_route=%2Fwp%2Fv2%2Fmedia&parent=1197"}],"curies":[{"name":"wp","href":"https:\/\/api.w.org\/{rel}","templated":true}]}}