{"id":1199,"date":"2020-10-26T18:04:11","date_gmt":"2020-10-26T18:04:11","guid":{"rendered":"https:\/\/mezcalcarreno.com\/?page_id=1199"},"modified":"2021-02-05T13:49:12","modified_gmt":"2021-02-05T19:49:12","slug":"espadin","status":"publish","type":"page","link":"https:\/\/mezcalcarreno.com\/alemania\/?page_id=1199","title":{"rendered":"Espadin"},"content":{"rendered":"<p>[vc_row full_width=&#8221;stretch_row_content_no_spaces&#8221;][vc_column][vc_row_inner][vc_column_inner][rev_slider_vc alias=&#8221;espadin&#8221;][\/vc_column_inner][\/vc_row_inner][\/vc_column][\/vc_row][vc_row][vc_column width=&#8221;1\/2&#8243; offset=&#8221;vc_col-lg-offset-3 vc_col-lg-6 vc_col-md-offset-2 vc_col-md-8 vc_col-sm-offset-1&#8243;][vc_row_inner][vc_column_inner][la_divider height=&#8221;lg:80px;&#8221;][la_heading tag=&#8221;h1&#8243; spacer=&#8221;line&#8221; spacer_position=&#8221;middle&#8221; line_height=&#8221;1&#8243; title=&#8221;Espadin jung&#8221; line_width=&#8221;lg:100px;&#8221; line_class=&#8221;margin-top-25 margin-bottom-20&#8243; title_fz=&#8221;lg:30px;&#8221;]Monovarietal 100% Espadin[\/la_heading][la_divider height=&#8221;lg:35px;&#8221;][vc_single_image image=&#8221;1698&#8243; img_size=&#8221;full&#8221; alignment=&#8221;center&#8221;][vc_column_text]<strong>Espadin jung<\/strong><\/p>\n<p>Wir m\u00f6chten, dass Sie Teil unserer Tradition sind und in jedem Schluck Mezcal Carre\u00f1o, hergestellt aus dem 8-j\u00e4hrigen Espad\u00edn, den Geschmack des Landes Oaxaca, die Arbeit indigener H\u00e4nde und das Engagement des Mezcal-Meisters entdecken. In jeder Flasche steckt eine tolle Geschichte.[\/vc_column_text][\/vc_column_inner][\/vc_row_inner][vc_tta_accordion][vc_tta_section title=&#8221;Datenblatt&#8221; tab_id=&#8221;1604006882168-6a1ff022-c400&#8243;][vc_column_text]<\/p>\n<ul>\n<li><strong>Agaven:<\/strong> Sprotte (A. angustifolia Haw)<\/li>\n<li>Handwerker Mezcal<\/li>\n<li>46% Alc.Vol. 750 ml<\/li>\n<li>D.O. Oaxaca<\/li>\n<li>90% Geschmacksfaktor<\/li>\n<\/ul>\n<p>[\/vc_column_text][\/vc_tta_section][vc_tta_section title=&#8221;Geschmacksnoten&#8221; tab_id=&#8221;1604006882203-6d293ed4-e857&#8243;][vc_column_text]<\/p>\n<p style=\"padding-left: 40px;\"><strong>Ansicht:<\/strong> Kristallin.<\/p>\n<p style=\"padding-left: 40px;\"><strong>Nase:<\/strong> Noten von Zitrusfr\u00fcchten, gr\u00fcnen Fr\u00fcchten, feuchtem Gras, leicht ger\u00e4ucherten Noten.<\/p>\n<p style=\"padding-left: 40px;\"><strong>Mund:<\/strong> Ein Mezcal mit Kraft und zarter S\u00e4ure, harmonischem und ausgeglichenem K\u00f6rper.<\/p>\n<p style=\"padding-left: 40px;\"><strong>Sensorisch:<\/strong> Kristalliner, komplexer, anhaltender, geschmacklicher Nachgeschmack und komplexe Best\u00e4ndigkeit.<\/p>\n<p style=\"padding-left: 40px;\"><strong>Gesamteindruck:<\/strong> Kraftvoller, komplexer, harmonischer K\u00f6rper, ausgewogene S\u00e4ure und Bitterkeit, geschmeidig, geschmeidig.<\/p>\n<p style=\"padding-left: 40px;\"><strong>Agave:<\/strong><\/p>\n<p style=\"padding-left: 40px;\">Rosette 1,5 m breit und 2 m hoch, mit geraden, schmalen und starren Bl\u00e4ttern. Seine T\u00f6ne sind hellgr\u00fcn bis grau; mit kleinen Stacheln, aber stark und spitz. Es erzielt die h\u00f6chste geografische Verbreitung von Agaven und ist vielseitig einsetzbar. Es wird f\u00fcr Mezcal, aber auch als Quelle f\u00fcr Ballaststoffe, Medikamente und Lebensmittel verwendet. Die Laufzeit betr\u00e4gt 6 bis 8 Jahre.<\/p>\n<p>[\/vc_column_text][\/vc_tta_section][\/vc_tta_accordion][\/vc_column][\/vc_row][vc_row full_width=&#8221;stretch_row&#8221; css=&#8221;.vc_custom_1605631894416{padding-top: 50px !important;padding-bottom: 50px !important;background-color: #bac881 !important;}&#8221;][vc_column][la_heading tag=&#8221;h3&#8243; spacer=&#8221;line&#8221; spacer_position=&#8221;middle&#8221; line_height=&#8221;1&#8243; title=&#8221;Awards&#8221; line_width=&#8221;lg:100px;&#8221; line_color=&#8221;#ffffff&#8221; line_class=&#8221;margin-top-25 margin-bottom-20&#8243; title_fz=&#8221;lg:25px;&#8221; title_color=&#8221;#ffffff&#8221;]\n<p style=\"text-align: center;\"><span style=\"color: #ffffff;\">SAN FRANCISCO WORLD SPIRITS COMPETITION 2020<\/span><\/p>\n<p>[\/la_heading][la_divider height=&#8221;lg:60px;&#8221;][vc_row_inner][vc_column_inner][vc_single_image image=&#8221;1954&#8243; img_size=&#8221;medium&#8221; alignment=&#8221;center&#8221;][vc_column_text]<\/p>\n<p style=\"text-align: center;\"><span style=\"color: #ffffff;\">SILVER<\/span><\/p>\n<p>[\/vc_column_text][\/vc_column_inner][\/vc_row_inner][\/vc_column][\/vc_row][vc_row full_width=&#8221;stretch_row&#8221; css=&#8221;.vc_custom_1605631894416{padding-top: 50px !important;padding-bottom: 50px !important;background-color: #bac881 !important;}&#8221;][vc_column][la_heading tag=&#8221;h3&#8243; spacer=&#8221;line&#8221; spacer_position=&#8221;middle&#8221; line_height=&#8221;1&#8243; title=&#8221;Medalla&#8221; line_width=&#8221;lg:100px;&#8221; line_color=&#8221;#ffffff&#8221; line_class=&#8221;margin-top-25 margin-bottom-20&#8243; title_fz=&#8221;lg:25px;&#8221; title_color=&#8221;#ffffff&#8221;]\n<p style=\"text-align: center;\"><span style=\"color: #ffffff;\">Academia del Mezcal y Maguey 2017<\/span><\/p>\n<p>[\/la_heading][la_divider height=&#8221;lg:60px;&#8221;][vc_row_inner][vc_column_inner][vc_single_image image=&#8221;2144&#8243; img_size=&#8221;medium&#8221; alignment=&#8221;center&#8221;][\/vc_column_inner][\/vc_row_inner][\/vc_column][\/vc_row][vc_row][vc_column][vc_row_inner][vc_column_inner][la_divider height=&#8221;lg:60px;&#8221;][la_heading tag=&#8221;h3&#8243; spacer=&#8221;line&#8221; spacer_position=&#8221;middle&#8221; line_height=&#8221;1&#8243; title=&#8221;Unsere Produkte&#8221; line_width=&#8221;lg:100px;&#8221; line_class=&#8221;margin-top-25 margin-bottom-20&#8243; title_fz=&#8221;lg:18px;&#8221;][\/la_heading][la_divider height=&#8221;lg:60px;&#8221;][products layout=&#8221;grid&#8221; orderby=&#8221;rand&#8221; order=&#8221;DESC&#8221; ids=&#8221;&#8221; columns=&#8221;xlg:3;lg:3;md:2;sm:2;xs:1;mb:1;&#8221;][\/vc_column_inner][\/vc_row_inner][\/vc_column][\/vc_row]<\/p>\n","protected":false},"excerpt":{"rendered":"<p>[vc_row full_width=&#8221;stretch_row_content_no_spaces&#8221;][vc_column][vc_row_inner][vc_column_inner][rev_slider_vc alias=&#8221;espadin&#8221;][\/vc_column_inner][\/vc_row_inner][\/vc_column][\/vc_row][vc_row][vc_column width=&#8221;1\/2&#8243; offset=&#8221;vc_col-lg-offset-3 vc_col-lg-6 vc_col-md-offset-2 vc_col-md-8 vc_col-sm-offset-1&#8243;][vc_row_inner][vc_column_inner][la_divider height=&#8221;lg:80px;&#8221;][la_heading tag=&#8221;h1&#8243; spacer=&#8221;line&#8221; spacer_position=&#8221;middle&#8221; line_height=&#8221;1&#8243; title=&#8221;Espadin jung&#8221; line_width=&#8221;lg:100px;&#8221; line_class=&#8221;margin-top-25 margin-bottom-20&#8243; title_fz=&#8221;lg:30px;&#8221;]Monovarietal&hellip;<\/p>\n","protected":false},"author":1,"featured_media":0,"parent":1011,"menu_order":0,"comment_status":"closed","ping_status":"closed","template":"","meta":{"spay_email":""},"_links":{"self":[{"href":"https:\/\/mezcalcarreno.com\/alemania\/index.php?rest_route=\/wp\/v2\/pages\/1199"}],"collection":[{"href":"https:\/\/mezcalcarreno.com\/alemania\/index.php?rest_route=\/wp\/v2\/pages"}],"about":[{"href":"https:\/\/mezcalcarreno.com\/alemania\/index.php?rest_route=\/wp\/v2\/types\/page"}],"author":[{"embeddable":true,"href":"https:\/\/mezcalcarreno.com\/alemania\/index.php?rest_route=\/wp\/v2\/users\/1"}],"replies":[{"embeddable":true,"href":"https:\/\/mezcalcarreno.com\/alemania\/index.php?rest_route=%2Fwp%2Fv2%2Fcomments&post=1199"}],"version-history":[{"count":22,"href":"https:\/\/mezcalcarreno.com\/alemania\/index.php?rest_route=\/wp\/v2\/pages\/1199\/revisions"}],"predecessor-version":[{"id":2339,"href":"https:\/\/mezcalcarreno.com\/alemania\/index.php?rest_route=\/wp\/v2\/pages\/1199\/revisions\/2339"}],"up":[{"embeddable":true,"href":"https:\/\/mezcalcarreno.com\/alemania\/index.php?rest_route=\/wp\/v2\/pages\/1011"}],"wp:attachment":[{"href":"https:\/\/mezcalcarreno.com\/alemania\/index.php?rest_route=%2Fwp%2Fv2%2Fmedia&parent=1199"}],"curies":[{"name":"wp","href":"https:\/\/api.w.org\/{rel}","templated":true}]}}