{"id":1763,"date":"2020-11-06T18:15:06","date_gmt":"2020-11-06T18:15:06","guid":{"rendered":"https:\/\/mezcalcarreno.com\/?page_id=1763"},"modified":"2020-12-17T15:09:16","modified_gmt":"2020-12-17T15:09:16","slug":"politica-de-consumo-responsable","status":"publish","type":"page","link":"https:\/\/mezcalcarreno.com\/alemania\/?page_id=1763","title":{"rendered":"Pol\u00edtica de Consumo Responsable"},"content":{"rendered":"<p>[vc_row full_width=&#8221;stretch_row&#8221; css=&#8221;.vc_custom_1608217754494{background-color: #f9f9f9 !important;}&#8221;][vc_column width=&#8221;1\/2&#8243; offset=&#8221;vc_col-lg-offset-3 vc_col-lg-6 vc_col-md-offset-2 vc_col-md-8 vc_col-sm-offset-1&#8243;][vc_row_inner][vc_column_inner][la_divider height=&#8221;lg:65px;&#8221;][la_heading tag=&#8221;h1&#8243; alignment=&#8221;left&#8221; spacer=&#8221;line&#8221; spacer_position=&#8221;middle&#8221; line_height=&#8221;1&#8243; title=&#8221;Pol\u00edtica de Consumo Responsable&#8221; line_width=&#8221;lg:100px;&#8221; line_class=&#8221;margin-top-25 margin-bottom-20&#8243; title_fz=&#8221;lg:30px;&#8221;][\/la_heading][la_divider height=&#8221;lg:35px;&#8221;][vc_column_text]<span style=\"font-weight: 400;\"><strong>MEZCALCARRENO.COM<\/strong> promueve un estilo de vida saludable y fomenta los valores c\u00edvicos y culturales. Promueve un cambio cultural con la sociedad en el consumo de bebidas con contenido de alcohol, a trav\u00e9s de la educaci\u00f3n para el cuidado de la salud y el disfrute de la vida.<\/span><\/p>\n<p><span style=\"font-weight: 400;\"><strong>MEZCALCARRENO.COM<\/strong> fomenta la cultura de las bebidas destiladas de agave a trav\u00e9s de un consumo responsable y prevenci\u00f3n de riesgos, postura alineada a la Fundaci\u00f3n de Investigaciones Sociales A.C. (FISAC) a trav\u00e9s de sus cuatro ejes rectores.<\/span><\/p>\n<ol>\n<li><span style=\"font-weight: 400;\">No alcohol y volante.<\/span><\/li>\n<li><span style=\"font-weight: 400;\">Cero consumo de alcohol en menores de edad.<\/span><\/li>\n<li><span style=\"font-weight: 400;\">Respeto a la abstinencia.<\/span><\/li>\n<li><span style=\"font-weight: 400;\">Moderaci\u00f3n en el consumo.<\/span><\/li>\n<\/ol>\n<p><span style=\"font-weight: 400;\"><strong>MEZCALCARRENO.COM<\/strong> se une a la propuesta de FISAC y OI para invitar a los consumidores a formar parte del Programa de Recolecci\u00f3n y Reciclaje de botellas de vidrio en Centros de Consumo, el cual tiene como objetivo disminuir el mal uso y reuso de las botellas de alcohol en el mercado informal, para fomentar la Responsabilidad en el Consumo y evitar riesgos a la salud.<\/span><\/p>\n<p><span style=\"font-weight: 400;\">Adem\u00e1s de esto, se busca impactar positivamente al medio ambiente por medio del reciclaje, ya que una sola botella de vidrio puede ser reconstruida m\u00e1s de 1,000 veces sin perder sus caracter\u00edsticas f\u00edsicas y qu\u00edmicas originales. No generan ninguna sustancia nociva para el ambiente despu\u00e9s de ser utilizadas.<\/span>[\/vc_column_text][la_divider height=&#8221;lg:100px;&#8221;][\/vc_column_inner][\/vc_row_inner][\/vc_column][\/vc_row]<\/p>\n","protected":false},"excerpt":{"rendered":"<p>[vc_row full_width=&#8221;stretch_row&#8221; css=&#8221;.vc_custom_1608217754494{background-color: #f9f9f9 !important;}&#8221;][vc_column width=&#8221;1\/2&#8243; offset=&#8221;vc_col-lg-offset-3 vc_col-lg-6 vc_col-md-offset-2 vc_col-md-8 vc_col-sm-offset-1&#8243;][vc_row_inner][vc_column_inner][la_divider height=&#8221;lg:65px;&#8221;][la_heading tag=&#8221;h1&#8243; alignment=&#8221;left&#8221; spacer=&#8221;line&#8221; spacer_position=&#8221;middle&#8221; line_height=&#8221;1&#8243; title=&#8221;Pol\u00edtica de Consumo&hellip;<\/p>\n","protected":false},"author":1,"featured_media":0,"parent":0,"menu_order":0,"comment_status":"closed","ping_status":"closed","template":"","meta":{"spay_email":""},"_links":{"self":[{"href":"https:\/\/mezcalcarreno.com\/alemania\/index.php?rest_route=\/wp\/v2\/pages\/1763"}],"collection":[{"href":"https:\/\/mezcalcarreno.com\/alemania\/index.php?rest_route=\/wp\/v2\/pages"}],"about":[{"href":"https:\/\/mezcalcarreno.com\/alemania\/index.php?rest_route=\/wp\/v2\/types\/page"}],"author":[{"embeddable":true,"href":"https:\/\/mezcalcarreno.com\/alemania\/index.php?rest_route=\/wp\/v2\/users\/1"}],"replies":[{"embeddable":true,"href":"https:\/\/mezcalcarreno.com\/alemania\/index.php?rest_route=%2Fwp%2Fv2%2Fcomments&post=1763"}],"version-history":[{"count":8,"href":"https:\/\/mezcalcarreno.com\/alemania\/index.php?rest_route=\/wp\/v2\/pages\/1763\/revisions"}],"predecessor-version":[{"id":2267,"href":"https:\/\/mezcalcarreno.com\/alemania\/index.php?rest_route=\/wp\/v2\/pages\/1763\/revisions\/2267"}],"wp:attachment":[{"href":"https:\/\/mezcalcarreno.com\/alemania\/index.php?rest_route=%2Fwp%2Fv2%2Fmedia&parent=1763"}],"curies":[{"name":"wp","href":"https:\/\/api.w.org\/{rel}","templated":true}]}}