{"id":1981,"date":"2020-11-17T17:26:47","date_gmt":"2020-11-17T17:26:47","guid":{"rendered":"https:\/\/mezcalcarreno.com\/?page_id=1981"},"modified":"2021-02-02T15:03:10","modified_gmt":"2021-02-02T21:03:10","slug":"tradicion-y-herencia","status":"publish","type":"page","link":"https:\/\/mezcalcarreno.com\/alemania\/?page_id=1981","title":{"rendered":"Tradici\u00f3n y Herencia"},"content":{"rendered":"<p>[vc_row][vc_column width=&#8221;1\/2&#8243; offset=&#8221;vc_col-lg-offset-3 vc_col-lg-6 vc_col-md-offset-2 vc_col-md-8 vc_col-sm-offset-1&#8243;][vc_row_inner][vc_column_inner][la_divider height=&#8221;lg:100px;&#8221;][vc_single_image image=&#8221;1257&#8243; alignment=&#8221;center&#8221;][la_heading tag=&#8221;h1&#8243; spacer=&#8221;line&#8221; spacer_position=&#8221;middle&#8221; line_height=&#8221;1&#8243; title=&#8221;Kultur, Tradition und Erbe&#8221; line_width=&#8221;lg:100px;&#8221; line_class=&#8221;margin-top-25 margin-bottom-20&#8243; title_fz=&#8221;lg:30px;&#8221;][\/la_heading][vc_column_text]Hinter jedem Glas Mezcal Carre\u00f1o steckt eine gro\u00dfe Geschichte, kultureller Widerstand, Verteidigung eines angestammten Getr\u00e4nks, Pflege des Landes und Erhaltung des Landes, Solidarit\u00e4t und Zusammenarbeit mit dem Mezcal-Meister, Feier und Stolz als nationale Identit\u00e4t. ;; vor allem aber aus famili\u00e4rer Leidenschaft. Denn um gute Dinge zu genie\u00dfen, muss man Risiken eingehen und das tun, was au\u00dfergew\u00f6hnlich ist.<\/p>\n<p>Wir laden Sie ein, \u201edas Mezcal-Erlebnis\u201c zu erleben, mehr \u00fcber Agaven und den Mezcal-Prozess zu erfahren und eine Verkostung Ihrer Lieblingslabels in Begleitung der Oaxacan-Gastronomie zu erleben.[\/vc_column_text][vc_single_image image=&#8221;2120&#8243; img_size=&#8221;full&#8221; alignment=&#8221;center&#8221;][\/vc_column_inner][\/vc_row_inner][\/vc_column][\/vc_row]<\/p>\n","protected":false},"excerpt":{"rendered":"<p>[vc_row][vc_column width=&#8221;1\/2&#8243; offset=&#8221;vc_col-lg-offset-3 vc_col-lg-6 vc_col-md-offset-2 vc_col-md-8 vc_col-sm-offset-1&#8243;][vc_row_inner][vc_column_inner][la_divider height=&#8221;lg:100px;&#8221;][vc_single_image image=&#8221;1257&#8243; alignment=&#8221;center&#8221;][la_heading tag=&#8221;h1&#8243; spacer=&#8221;line&#8221; spacer_position=&#8221;middle&#8221; line_height=&#8221;1&#8243; title=&#8221;Kultur, Tradition und Erbe&#8221; line_width=&#8221;lg:100px;&#8221; line_class=&#8221;margin-top-25&hellip;<\/p>\n","protected":false},"author":1,"featured_media":0,"parent":1992,"menu_order":0,"comment_status":"closed","ping_status":"closed","template":"","meta":{"spay_email":""},"_links":{"self":[{"href":"https:\/\/mezcalcarreno.com\/alemania\/index.php?rest_route=\/wp\/v2\/pages\/1981"}],"collection":[{"href":"https:\/\/mezcalcarreno.com\/alemania\/index.php?rest_route=\/wp\/v2\/pages"}],"about":[{"href":"https:\/\/mezcalcarreno.com\/alemania\/index.php?rest_route=\/wp\/v2\/types\/page"}],"author":[{"embeddable":true,"href":"https:\/\/mezcalcarreno.com\/alemania\/index.php?rest_route=\/wp\/v2\/users\/1"}],"replies":[{"embeddable":true,"href":"https:\/\/mezcalcarreno.com\/alemania\/index.php?rest_route=%2Fwp%2Fv2%2Fcomments&post=1981"}],"version-history":[{"count":7,"href":"https:\/\/mezcalcarreno.com\/alemania\/index.php?rest_route=\/wp\/v2\/pages\/1981\/revisions"}],"predecessor-version":[{"id":2322,"href":"https:\/\/mezcalcarreno.com\/alemania\/index.php?rest_route=\/wp\/v2\/pages\/1981\/revisions\/2322"}],"up":[{"embeddable":true,"href":"https:\/\/mezcalcarreno.com\/alemania\/index.php?rest_route=\/wp\/v2\/pages\/1992"}],"wp:attachment":[{"href":"https:\/\/mezcalcarreno.com\/alemania\/index.php?rest_route=%2Fwp%2Fv2%2Fmedia&parent=1981"}],"curies":[{"name":"wp","href":"https:\/\/api.w.org\/{rel}","templated":true}]}}