{"id":1983,"date":"2020-11-17T17:27:20","date_gmt":"2020-11-17T17:27:20","guid":{"rendered":"https:\/\/mezcalcarreno.com\/?page_id=1983"},"modified":"2021-02-02T15:08:01","modified_gmt":"2021-02-02T21:08:01","slug":"proceso-del-mezcal","status":"publish","type":"page","link":"https:\/\/mezcalcarreno.com\/alemania\/?page_id=1983","title":{"rendered":"Proceso del Mezcal"},"content":{"rendered":"<p>[vc_row][vc_column width=&#8221;1\/2&#8243; offset=&#8221;vc_col-lg-offset-3 vc_col-lg-6 vc_col-md-offset-2 vc_col-md-8 vc_col-sm-offset-1&#8243;][vc_row_inner][vc_column_inner][la_divider height=&#8221;lg:100px;&#8221;][vc_single_image image=&#8221;1257&#8243; alignment=&#8221;center&#8221;][la_heading tag=&#8221;h1&#8243; spacer=&#8221;line&#8221; spacer_position=&#8221;middle&#8221; line_height=&#8221;1&#8243; title=&#8221;Mezcal-Prozess&#8221; line_width=&#8221;lg:100px;&#8221; line_class=&#8221;margin-top-25 margin-bottom-20&#8243; title_fz=&#8221;lg:30px;&#8221;][\/la_heading][vc_column_text]<strong>Mezcal Carre\u00f1o<\/strong> folgt den angestammten und handwerklichen Produktionsprozessen. Die Ausarbeitung dieses &#8220;Drinks of Gods&#8221; wird vollst\u00e4ndig von der Spitze der Agaven, die auf dem Feld von Hand hergestellt werden, bis zum Kochen der Ananas, die in einem Holzofen hergestellt wird, durchgef\u00fchrt unterirdischer konischer Stein und Kieselstein, Mahlen auf Tahona-Steinbasis, G\u00e4rung in Kiefern- und Sabino-Holzf\u00e4ssern bis zur Destillation in einem Tontopf oder Kupferalkohol je nach Kategorie.<\/p>\n<p>Die Arten von Mezcal h\u00e4ngen mit dem Rohstoff, dem Produktionsprozess, aber auch dem Klima, dem Boden, der Art der Agave, den Hefen und der Ber\u00fchrung des Mezcal-Meisters zusammen.<\/p>\n<p><b>TERROIR\u00a0<\/b><\/p>\n<p>Die Summe aus Klima, Mikroklima, Boden, Agavensorte und Landaufteilung bildet das Konzept des \u201eTerroirs\u201c (was w\u00f6rtlich Land bedeutet). Was auch immer Sie in Bezug auf den Boden denken, das ist Terroir. \u201c Die Qualit\u00e4t von Mezcal Carre\u00f1o h\u00e4ngt so stark vom Terroir oder Terroir ab, das jedem Mezcal einzigartige organoleptische Eigenschaften verleiht, sowie vom Produktionsprozess und der Ber\u00fchrung des Mezcal-Meisters.[\/vc_column_text][la_divider height=&#8221;lg:60px;&#8221;][\/vc_column_inner][\/vc_row_inner][\/vc_column][\/vc_row][vc_row full_width=&#8221;stretch_row&#8221; css=&#8221;.vc_custom_1605642424997{padding-top: 60px !important;padding-bottom: 60px !important;background-image: url(https:\/\/mezcalcarreno.com\/alemania\/wp-content\/uploads\/2017\/04\/m-7-bg-1.jpg?id=572) !important;background-position: center !important;background-repeat: no-repeat !important;background-size: cover !important;}&#8221;][vc_column width=&#8221;1\/2&#8243;][vc_row_inner content_placement=&#8221;middle&#8221;][vc_column_inner width=&#8221;2\/3&#8243;][la_heading tag=&#8221;h3&#8243; alignment=&#8221;left&#8221; title=&#8221;Schritt 1:&#8221; title_fz=&#8221;lg:18px;&#8221; title_color=&#8221;#d7bb66&#8243;][\/la_heading][la_heading tag=&#8221;h3&#8243; alignment=&#8221;left&#8221; spacer=&#8221;line&#8221; spacer_position=&#8221;middle&#8221; line_height=&#8221;1&#8243; title=&#8221;Wilde Agaven&#8221; subtitle_class=&#8221;margin-top-25 margin-bottom-20&#8243; title_fz=&#8221;lg:18px;&#8221; line_width=&#8221;lg:100px;&#8221;]<strong>Mezcal Carre\u00f1o<\/strong> verwendet nur wilde Agaven aus verschiedenen Regionen von Oaxaca, die w\u00e4hrend ihres Wachstums vom Terroir des Gebiets betroffen sind. Das Klima, der Boden und die benachbarten Pflanzen tragen ihre Essenz zum endg\u00fcltigen Geschmack unseres Mezcal bei.[\/la_heading][\/vc_column_inner][vc_column_inner width=&#8221;1\/3&#8243;][vc_single_image image=&#8221;1466&#8243; img_size=&#8221;large&#8221; alignment=&#8221;center&#8221;][\/vc_column_inner][\/vc_row_inner][vc_row_inner content_placement=&#8221;middle&#8221;][vc_column_inner width=&#8221;2\/3&#8243;][la_heading tag=&#8221;h3&#8243; alignment=&#8221;left&#8221; title=&#8221;Schritt 2:&#8221; title_fz=&#8221;lg:18px;&#8221; title_color=&#8221;#d7bb66&#8243;][\/la_heading][la_heading tag=&#8221;h3&#8243; alignment=&#8221;left&#8221; spacer=&#8221;line&#8221; spacer_position=&#8221;middle&#8221; line_height=&#8221;1&#8243; title=&#8221;Ernte&#8221; subtitle_class=&#8221;margin-top-25 margin-bottom-20&#8243; title_fz=&#8221;lg:18px;&#8221; line_width=&#8221;lg:100px;&#8221;]Wenn eine Agave reift, wird der Quiote (gro\u00dfer Bl\u00fctenstiel) geschnitten, damit sich der Zucker auf die Ananas oder das Herz der Pflanze konzentrieren kann. Sobald der Zucker maximiert ist, wird die Pflanze geerntet und die Stiele (fleischige Bl\u00e4tter der Agave) werden entfernt, wobei nur die Ananas backbereit bleibt.[\/la_heading][\/vc_column_inner][vc_column_inner width=&#8221;1\/3&#8243;][vc_single_image image=&#8221;1467&#8243; img_size=&#8221;large&#8221; alignment=&#8221;center&#8221;][\/vc_column_inner][\/vc_row_inner][vc_row_inner content_placement=&#8221;middle&#8221;][vc_column_inner width=&#8221;2\/3&#8243;][la_heading tag=&#8221;h3&#8243; alignment=&#8221;left&#8221; title=&#8221;Schritt 3:&#8221; title_fz=&#8221;lg:18px;&#8221; title_color=&#8221;#d7bb66&#8243;][\/la_heading][la_heading tag=&#8221;h3&#8243; alignment=&#8221;left&#8221; spacer=&#8221;line&#8221; spacer_position=&#8221;middle&#8221; line_height=&#8221;1&#8243; title=&#8221;Gebacken&#8221; subtitle_class=&#8221;margin-top-25 margin-bottom-20&#8243; title_fz=&#8221;lg:18px;&#8221; line_width=&#8221;lg:100px;&#8221;]Die Ananas werden in einem unterirdischen konischen Ofen gebacken, der mit Kieselsteinen bedeckt ist. Die Ananas werden gespalten und auf die mit Bagasus (zuvor gekochte Agavenfasern) bedeckten Felsen gelegt, die die Ananas vor dem Verbrennen sch\u00fctzen. Sobald der Ofen mit vielen Ananas gestapelt ist, werden sie mit Agaven-Bagasse und Erde bedeckt, um ihn w\u00e4hrend des Garvorgangs, der bis zu sieben Tage dauert, abzudichten. Dies gibt Mezcal sein Markenzeichen f\u00fcr rauchige Noten. Nach dem Backen werden die Ananas entfernt und f\u00fcr einen Zeitraum von vier bis f\u00fcnf Tagen \u201eabgebunden\u201c.[\/la_heading][\/vc_column_inner][vc_column_inner width=&#8221;1\/3&#8243;][vc_single_image image=&#8221;1470&#8243; img_size=&#8221;large&#8221; alignment=&#8221;center&#8221;][\/vc_column_inner][\/vc_row_inner][\/vc_column][vc_column width=&#8221;1\/2&#8243;][vc_row_inner content_placement=&#8221;middle&#8221;][vc_column_inner width=&#8221;2\/3&#8243;][la_heading tag=&#8221;h3&#8243; alignment=&#8221;left&#8221; title=&#8221;Schritt 4:&#8221; title_fz=&#8221;lg:18px;&#8221; title_color=&#8221;#d7bb66&#8243;][\/la_heading][la_heading tag=&#8221;h3&#8243; alignment=&#8221;left&#8221; spacer=&#8221;line&#8221; spacer_position=&#8221;middle&#8221; line_height=&#8221;1&#8243; title=&#8221;Mahlen Sie in Tahona&#8221; subtitle_class=&#8221;margin-top-25 margin-bottom-20&#8243; title_fz=&#8221;lg:18px;&#8221; line_width=&#8221;lg:100px;&#8221;]Nach dem Backen werden die Ananas mit dem traditionellen Tahona-Rad gemahlen, einem der \u00e4ltesten und arbeitsintensivsten Extraktionsverfahren f\u00fcr jede Flotte. Dies wird erreicht, indem ein gro\u00dfes Steinrad mit einem Gewicht von \u00fcber einer Tonne verwendet wird, das an einer Mittelachse befestigt und von einem Pferd oder Maultier gezogen wird. Die riesige Scheibe extrahiert langsam die S\u00e4fte und Zucker aus der gekochten Agave. Dieser Prozess beh\u00e4lt einen besseren Geschmack als das modernisierte Maschinenmahlen.[\/la_heading][\/vc_column_inner][vc_column_inner width=&#8221;1\/3&#8243;][vc_single_image image=&#8221;1471&#8243; img_size=&#8221;large&#8221; alignment=&#8221;center&#8221;][\/vc_column_inner][\/vc_row_inner][vc_row_inner content_placement=&#8221;middle&#8221;][vc_column_inner width=&#8221;2\/3&#8243;][la_heading tag=&#8221;h3&#8243; alignment=&#8221;left&#8221; title=&#8221;Schritt 5:&#8221; title_fz=&#8221;lg:18px;&#8221; title_color=&#8221;#d7bb66&#8243;][\/la_heading][la_heading tag=&#8221;h3&#8243; alignment=&#8221;left&#8221; spacer=&#8221;line&#8221; spacer_position=&#8221;middle&#8221; line_height=&#8221;1&#8243; title=&#8221;Fermentation&#8221; subtitle_class=&#8221;margin-top-25 margin-bottom-20&#8243; title_fz=&#8221;lg:18px;&#8221; line_width=&#8221;lg:100px;&#8221;]Die beim Mahlen entstehende Agavenfl\u00fcssigkeit und die verbleibenden Fasern werden in Holzf\u00e4sser mit Wasser gegeben, um bis zu sieben Tage lang zu fermentieren. Wir verwenden die Freiluftfermentation, die es Wildhefen aus der Region erm\u00f6glicht, zum komplexen Terroir beizutragen, in dem unsere Agave gepflanzt wurde, wodurch jede Charge von Mezcal einzigartig und authentisch wird.[\/la_heading][\/vc_column_inner][vc_column_inner width=&#8221;1\/3&#8243;][vc_single_image image=&#8221;1472&#8243; img_size=&#8221;large&#8221; alignment=&#8221;center&#8221;][\/vc_column_inner][\/vc_row_inner][vc_row_inner content_placement=&#8221;middle&#8221;][vc_column_inner width=&#8221;2\/3&#8243;][la_heading tag=&#8221;h3&#8243; alignment=&#8221;left&#8221; title=&#8221;Schritt 6:&#8221; title_fz=&#8221;lg:18px;&#8221; title_color=&#8221;#d7bb66&#8243;][\/la_heading][la_heading tag=&#8221;h3&#8243; alignment=&#8221;left&#8221; spacer=&#8221;line&#8221; spacer_position=&#8221;middle&#8221; line_height=&#8221;1&#8243; title=&#8221;Doppeldestillation&#8221; subtitle_class=&#8221;margin-top-25 margin-bottom-20&#8243; title_fz=&#8221;lg:18px;&#8221; line_width=&#8221;lg:100px;&#8221;]Sobald die richtigen Fermentationsniveaus erreicht sind, werden die Fl\u00fcssigkeiten und Fasern unter Verwendung eines feuererhitzten Kupferalkohols aus Mesquite- und Guamuche-Holz destilliert. Dieser Prozess wird zweimal durchgef\u00fchrt, um sicherzustellen, dass unser Mezcal den gew\u00fcnschten Alkoholanteil aufweist, der Sweet Spot, um unsere Agavengeschmacksprofile hervorzuheben und einen glatten, schmackhaften Schluck bereitzustellen. Wirklich eine ziemliche Erfahrung.[\/la_heading][\/vc_column_inner][vc_column_inner width=&#8221;1\/3&#8243;][vc_single_image image=&#8221;1458&#8243; img_size=&#8221;large&#8221; alignment=&#8221;center&#8221;][\/vc_column_inner][\/vc_row_inner][\/vc_column][\/vc_row]<\/p>\n","protected":false},"excerpt":{"rendered":"<p>[vc_row][vc_column width=&#8221;1\/2&#8243; offset=&#8221;vc_col-lg-offset-3 vc_col-lg-6 vc_col-md-offset-2 vc_col-md-8 vc_col-sm-offset-1&#8243;][vc_row_inner][vc_column_inner][la_divider height=&#8221;lg:100px;&#8221;][vc_single_image image=&#8221;1257&#8243; alignment=&#8221;center&#8221;][la_heading tag=&#8221;h1&#8243; spacer=&#8221;line&#8221; spacer_position=&#8221;middle&#8221; line_height=&#8221;1&#8243; title=&#8221;Mezcal-Prozess&#8221; line_width=&#8221;lg:100px;&#8221; line_class=&#8221;margin-top-25 margin-bottom-20&#8243; title_fz=&#8221;lg:30px;&#8221;][\/la_heading][vc_column_text]Mezcal Carre\u00f1o&hellip;<\/p>\n","protected":false},"author":1,"featured_media":0,"parent":1992,"menu_order":0,"comment_status":"closed","ping_status":"closed","template":"","meta":{"spay_email":""},"_links":{"self":[{"href":"https:\/\/mezcalcarreno.com\/alemania\/index.php?rest_route=\/wp\/v2\/pages\/1983"}],"collection":[{"href":"https:\/\/mezcalcarreno.com\/alemania\/index.php?rest_route=\/wp\/v2\/pages"}],"about":[{"href":"https:\/\/mezcalcarreno.com\/alemania\/index.php?rest_route=\/wp\/v2\/types\/page"}],"author":[{"embeddable":true,"href":"https:\/\/mezcalcarreno.com\/alemania\/index.php?rest_route=\/wp\/v2\/users\/1"}],"replies":[{"embeddable":true,"href":"https:\/\/mezcalcarreno.com\/alemania\/index.php?rest_route=%2Fwp%2Fv2%2Fcomments&post=1983"}],"version-history":[{"count":21,"href":"https:\/\/mezcalcarreno.com\/alemania\/index.php?rest_route=\/wp\/v2\/pages\/1983\/revisions"}],"predecessor-version":[{"id":2325,"href":"https:\/\/mezcalcarreno.com\/alemania\/index.php?rest_route=\/wp\/v2\/pages\/1983\/revisions\/2325"}],"up":[{"embeddable":true,"href":"https:\/\/mezcalcarreno.com\/alemania\/index.php?rest_route=\/wp\/v2\/pages\/1992"}],"wp:attachment":[{"href":"https:\/\/mezcalcarreno.com\/alemania\/index.php?rest_route=%2Fwp%2Fv2%2Fmedia&parent=1983"}],"curies":[{"name":"wp","href":"https:\/\/api.w.org\/{rel}","templated":true}]}}