{"id":1985,"date":"2020-11-17T17:27:43","date_gmt":"2020-11-17T17:27:43","guid":{"rendered":"https:\/\/mezcalcarreno.com\/?page_id=1985"},"modified":"2021-02-02T15:36:32","modified_gmt":"2021-02-02T21:36:32","slug":"los-agaves-2","status":"publish","type":"page","link":"https:\/\/mezcalcarreno.com\/alemania\/?page_id=1985","title":{"rendered":"Los agaves"},"content":{"rendered":"<p>[vc_row][vc_column width=&#8221;1\/2&#8243; offset=&#8221;vc_col-lg-offset-3 vc_col-lg-6 vc_col-md-offset-2 vc_col-md-8 vc_col-sm-offset-1&#8243;][vc_row_inner][vc_column_inner][la_divider height=&#8221;lg:100px;&#8221;][vc_single_image image=&#8221;1257&#8243; alignment=&#8221;center&#8221;][la_heading tag=&#8221;h1&#8243; spacer=&#8221;line&#8221; spacer_position=&#8221;middle&#8221; line_height=&#8221;1&#8243; title=&#8221;Die Agaven&#8221; line_width=&#8221;lg:100px;&#8221; line_class=&#8221;margin-top-25 margin-bottom-20&#8243; title_fz=&#8221;lg:30px;&#8221;][\/la_heading][vc_column_text]Die Qualit\u00e4t und Identit\u00e4t jedes Mezcal wird durch die Rohstoffe, die Produktionsprozesse und den soziokulturellen Kontext seines Verbrauchs bestimmt. In Oaxaca werden die Verwendungszwecke und Br\u00e4uche vergangener Zeiten beibehalten, und jede Agavensorte verleiht Kr\u00e4uter-, Blumen-, Trockenfrucht- oder Honigfamilien eine einzigartige Typizit\u00e4t, sei es s\u00fc\u00df, sauer, mit sehr aromatischen Ausdr\u00fccken in der Nase. Der Boden ist eine wichtige Variable, und die Bedingungen in H\u00f6he, Klima und Orographie verleihen der Pflanze den einzigartigen Charakter, dass der Mezcalero-Meister mit dem Wissen, das Generationen in ihrem Prozess erworben haben, ein einzigartiges Destillat bildet Der Mezcal ist ein wahres &#8220;Getr\u00e4nk der G\u00f6tter&#8221;, das jetzt allen Gaumen der Welt zur Verf\u00fcgung steht.[\/vc_column_text][vc_single_image image=&#8221;2124&#8243; img_size=&#8221;full&#8221; alignment=&#8221;center&#8221;][\/vc_column_inner][\/vc_row_inner][la_divider height=&#8221;lg:60px;&#8221;][\/vc_column][\/vc_row][vc_row full_width=&#8221;stretch_row_content&#8221; gap=&#8221;15&#8243; equal_height=&#8221;yes&#8221;][vc_column width=&#8221;1\/5&#8243; css=&#8221;.vc_custom_1605644150772{border-top-width: 1px !important;border-right-width: 1px !important;border-bottom-width: 1px !important;border-left-width: 1px !important;border-left-color: #d7bb66 !important;border-left-style: solid !important;border-right-color: #d7bb66 !important;border-right-style: solid !important;border-top-color: #d7bb66 !important;border-top-style: solid !important;border-bottom-color: #d7bb66 !important;border-bottom-style: solid !important;}&#8221;][vc_single_image image=&#8221;1475&#8243; img_size=&#8221;full&#8221; alignment=&#8221;center&#8221;][la_heading tag=&#8221;h3&#8243; alignment=&#8221;left&#8221; spacer=&#8221;line&#8221; spacer_position=&#8221;middle&#8221; line_height=&#8221;3&#8243; title=&#8221;Angustifolia Haw (Sprotte)&#8221; line_width=&#8221;lg:50px;&#8221; line_class=&#8221;margin-top-25 margin-bottom-20&#8243; title_fz=&#8221;lg:18px;&#8221;]Rosette 1,5 m breit und 2 m hoch, mit geraden, schmalen und starren Bl\u00e4ttern. Seine hellgr\u00fcnen bis gr\u00e4ulichen T\u00f6ne; mit kleinen Stacheln, aber stark und spitz.<\/p>\n<p>Es erzielt die h\u00f6chste geografische Verbreitung von Agaven und ist vielseitig einsetzbar. Es wird f\u00fcr Mezcal, aber auch als Quelle f\u00fcr Ballaststoffe, Medikamente und Lebensmittel verwendet.[\/la_heading][\/vc_column][vc_column width=&#8221;1\/5&#8243; css=&#8221;.vc_custom_1605644160143{border-top-width: 1px !important;border-right-width: 1px !important;border-bottom-width: 1px !important;border-left-width: 1px !important;border-left-color: #d7bb66 !important;border-left-style: solid !important;border-right-color: #d7bb66 !important;border-right-style: solid !important;border-top-color: #d7bb66 !important;border-top-style: solid !important;border-bottom-color: #d7bb66 !important;border-bottom-style: solid !important;}&#8221;][vc_single_image image=&#8221;1476&#8243; img_size=&#8221;full&#8221; alignment=&#8221;center&#8221;][la_heading tag=&#8221;h3&#8243; alignment=&#8221;left&#8221; spacer=&#8221;line&#8221; spacer_position=&#8221;middle&#8221; line_height=&#8221;3&#8243; title=&#8221;Potatorum Zucc (Tobal\u00e1)&#8221; line_width=&#8221;lg:50px;&#8221; line_class=&#8221;margin-top-25 margin-bottom-20&#8243; title_fz=&#8221;lg:18px;&#8221;]Rosette 1 m breit und 0,90 m hoch mit ovalen Bl\u00e4ttern, gewellten R\u00e4ndern von gr\u00fcn bis dunkelwei\u00df, mit gebogenen und dunklen Stacheln. Es befindet sich im Inneren und in trockenen Teilen der Sierra Madre del Sur von Oaxaca.[\/la_heading][\/vc_column][vc_column width=&#8221;1\/5&#8243; css=&#8221;.vc_custom_1605644168103{border-top-width: 1px !important;border-right-width: 1px !important;border-bottom-width: 1px !important;border-left-width: 1px !important;border-left-color: #d7bb66 !important;border-left-style: solid !important;border-right-color: #d7bb66 !important;border-right-style: solid !important;border-top-color: #d7bb66 !important;border-top-style: solid !important;border-bottom-color: #d7bb66 !important;border-bottom-style: solid !important;}&#8221;][vc_single_image image=&#8221;1477&#8243; img_size=&#8221;full&#8221; alignment=&#8221;center&#8221;][la_heading tag=&#8221;h3&#8243; alignment=&#8221;left&#8221; spacer=&#8221;line&#8221; spacer_position=&#8221;middle&#8221; line_height=&#8221;3&#8243; title=&#8221;Karwinskii (Tobasiche, Cuishe, Cirial und Barril &#8211; verschiedene genetische Ver\u00e4nderungen -)&#8221; line_width=&#8221;lg:50px;&#8221; line_class=&#8221;margin-top-25 margin-bottom-20&#8243; title_fz=&#8221;lg:18px;&#8221;]1,5 m breite und 1,5 m hohe Rosette an einem bis zu 2,5 m hohen Stamm mit geraden und schmalen Bl\u00e4ttern, klein und mit dunkelgr\u00fcnen T\u00f6nen.<\/p>\n<p>Eine Art, die ihre Verbreitung auf die Trockengebiete der Zentralt\u00e4ler von Oaxaca beschr\u00e4nkt und zwischen 750 und 2000 m H\u00f6he vorkommt. Eine Art mit einem anderen Aussehen aufgrund ihrer genetischen Ver\u00e4nderungen mit Ver\u00e4nderungen in der Dicke, daher werden so viele Variablen erkannt.<\/p>\n<p>Der gr\u00f6\u00dfte Teil der Produktion von Tobal\u00e1 mezcal h\u00e4ngt von wilden Populationen an Bergh\u00e4ngen ab und ist eine hoch gesch\u00e4tzte Magie.[\/la_heading][\/vc_column][vc_column width=&#8221;1\/5&#8243; css=&#8221;.vc_custom_1605644178661{border-top-width: 1px !important;border-right-width: 1px !important;border-bottom-width: 1px !important;border-left-width: 1px !important;border-left-color: #d7bb66 !important;border-left-style: solid !important;border-right-color: #d7bb66 !important;border-right-style: solid !important;border-top-color: #d7bb66 !important;border-top-style: solid !important;border-bottom-color: #d7bb66 !important;border-bottom-style: solid !important;}&#8221;][vc_single_image image=&#8221;1478&#8243; img_size=&#8221;full&#8221; alignment=&#8221;center&#8221;][la_heading tag=&#8221;h3&#8243; alignment=&#8221;left&#8221; spacer=&#8221;line&#8221; spacer_position=&#8221;middle&#8221; line_height=&#8221;3&#8243; title=&#8221;Marmorata (Tepeztate)&#8221; line_width=&#8221;lg:50px;&#8221; line_class=&#8221;margin-top-25 margin-bottom-20&#8243; title_fz=&#8221;lg:18px;&#8221;]Rosette ca. 2 m breit und 1,5 m hoch, mit gewellten und offenen Bl\u00e4ttern, mit horizontalen Linien auf dunkelgr\u00fcn, mit gro\u00dfen Dornen.<\/p>\n<p>Es ist in B\u00fcschen der Sierra Madre del Sur zu finden. Der Nektar seiner leuchtend orangefarbenen Bl\u00fcten ist f\u00fcr Kolibris, V\u00f6gel und Nachtschmetterlinge von gro\u00dfem Wert.[\/la_heading][\/vc_column][vc_column width=&#8221;1\/5&#8243; css=&#8221;.vc_custom_1605644192104{border-top-width: 1px !important;border-right-width: 1px !important;border-bottom-width: 1px !important;border-left-width: 1px !important;border-left-color: #d7bb66 !important;border-left-style: solid !important;border-right-color: #d7bb66 !important;border-right-style: solid !important;border-top-color: #d7bb66 !important;border-top-style: solid !important;border-bottom-color: #d7bb66 !important;border-bottom-style: solid !important;}&#8221;][vc_single_image image=&#8221;1739&#8243; img_size=&#8221;full&#8221; alignment=&#8221;center&#8221;][la_heading tag=&#8221;h3&#8243; alignment=&#8221;left&#8221; spacer=&#8221;line&#8221; spacer_position=&#8221;middle&#8221; line_height=&#8221;3&#8243; title=&#8221; SP Americana (Kojote)&#8221; line_width=&#8221;lg:50px;&#8221; line_class=&#8221;margin-top-25 margin-bottom-20&#8243; title_fz=&#8221;lg:18px;&#8221;]Rosette 3 m breit und 2 m hoch mit wei\u00dflichen Bl\u00e4ttern und winzigen oder fehlenden Stacheln. Die Sorte Oaxacencis ist nur in dem Gebiet domestiziert, das das Tehuac\u00e1n Puebla-Tal und das \u00f6stliche Ende des Balsas-Beckens verbindet. Ihre Produktion ist sehr begrenzt, da die Reifung bis zu 20 Jahre dauert.[\/la_heading][\/vc_column][\/vc_row]<\/p>\n","protected":false},"excerpt":{"rendered":"<p>[vc_row][vc_column width=&#8221;1\/2&#8243; offset=&#8221;vc_col-lg-offset-3 vc_col-lg-6 vc_col-md-offset-2 vc_col-md-8 vc_col-sm-offset-1&#8243;][vc_row_inner][vc_column_inner][la_divider height=&#8221;lg:100px;&#8221;][vc_single_image image=&#8221;1257&#8243; alignment=&#8221;center&#8221;][la_heading tag=&#8221;h1&#8243; spacer=&#8221;line&#8221; spacer_position=&#8221;middle&#8221; line_height=&#8221;1&#8243; title=&#8221;Die Agaven&#8221; line_width=&#8221;lg:100px;&#8221; line_class=&#8221;margin-top-25 margin-bottom-20&#8243; title_fz=&#8221;lg:30px;&#8221;][\/la_heading][vc_column_text]Die&hellip;<\/p>\n","protected":false},"author":1,"featured_media":0,"parent":1992,"menu_order":0,"comment_status":"closed","ping_status":"closed","template":"","meta":{"spay_email":""},"_links":{"self":[{"href":"https:\/\/mezcalcarreno.com\/alemania\/index.php?rest_route=\/wp\/v2\/pages\/1985"}],"collection":[{"href":"https:\/\/mezcalcarreno.com\/alemania\/index.php?rest_route=\/wp\/v2\/pages"}],"about":[{"href":"https:\/\/mezcalcarreno.com\/alemania\/index.php?rest_route=\/wp\/v2\/types\/page"}],"author":[{"embeddable":true,"href":"https:\/\/mezcalcarreno.com\/alemania\/index.php?rest_route=\/wp\/v2\/users\/1"}],"replies":[{"embeddable":true,"href":"https:\/\/mezcalcarreno.com\/alemania\/index.php?rest_route=%2Fwp%2Fv2%2Fcomments&post=1985"}],"version-history":[{"count":16,"href":"https:\/\/mezcalcarreno.com\/alemania\/index.php?rest_route=\/wp\/v2\/pages\/1985\/revisions"}],"predecessor-version":[{"id":2327,"href":"https:\/\/mezcalcarreno.com\/alemania\/index.php?rest_route=\/wp\/v2\/pages\/1985\/revisions\/2327"}],"up":[{"embeddable":true,"href":"https:\/\/mezcalcarreno.com\/alemania\/index.php?rest_route=\/wp\/v2\/pages\/1992"}],"wp:attachment":[{"href":"https:\/\/mezcalcarreno.com\/alemania\/index.php?rest_route=%2Fwp%2Fv2%2Fmedia&parent=1985"}],"curies":[{"name":"wp","href":"https:\/\/api.w.org\/{rel}","templated":true}]}}