{"id":1992,"date":"2020-11-17T17:44:54","date_gmt":"2020-11-17T17:44:54","guid":{"rendered":"https:\/\/mezcalcarreno.com\/?page_id=1992"},"modified":"2021-02-02T15:00:51","modified_gmt":"2021-02-02T21:00:51","slug":"cultura","status":"publish","type":"page","link":"https:\/\/mezcalcarreno.com\/alemania\/?page_id=1992","title":{"rendered":"Cultura"},"content":{"rendered":"<p>[vc_row full_width=&#8221;stretch_row_content_no_spaces&#8221; content_placement=&#8221;middle&#8221;][vc_column][vc_row_inner content_placement=&#8221;middle&#8221;][vc_column_inner][rev_slider_vc alias=&#8221;cultura-carreno&#8221;][\/vc_column_inner][\/vc_row_inner][\/vc_column][\/vc_row][vc_row full_width=&#8221;stretch_row&#8221;][vc_column][vc_row_inner][vc_column_inner][la_divider height=&#8221;lg:60px;&#8221;][vc_single_image image=&#8221;1257&#8243; alignment=&#8221;center&#8221;][la_divider height=&#8221;lg:60px;&#8221;][\/vc_column_inner][\/vc_row_inner][\/vc_column][\/vc_row][vc_row full_width=&#8221;stretch_row&#8221; el_class=&#8221;column-reverse&#8221;][vc_column][vc_row_inner content_placement=&#8221;middle&#8221; el_class=&#8221;column-reverse&#8221;][vc_column_inner width=&#8221;2\/3&#8243;][vc_single_image image=&#8221;2011&#8243; img_size=&#8221;full&#8221; alignment=&#8221;center&#8221;][\/vc_column_inner][vc_column_inner width=&#8221;1\/3&#8243;][la_heading tag=&#8221;h3&#8243; alignment=&#8221;left&#8221; spacer=&#8221;line&#8221; spacer_position=&#8221;middle&#8221; line_height=&#8221;1&#8243; title=&#8221;Kultur, Tradition und Erbe&#8221; line_width=&#8221;lg:100px;&#8221; line_class=&#8221;margin-top-25 margin-bottom-20&#8243; title_fz=&#8221;lg:25px;&#8221;][\/la_heading][vc_column_text]Hinter jedem Glas <strong>Mezcal Carre\u00f1o<\/strong> steckt eine gro\u00dfe Geschichte, kultureller Widerstand, Verteidigung eines Ahnengetr\u00e4nks, Pflege des Landes und Erhaltung des Landes, Solidarit\u00e4t und Zusammenarbeit mit dem Mezcal-Meister, Feier und Stolz als nationale Identit\u00e4t. ;; vor allem aber aus famili\u00e4rer Leidenschaft.[\/vc_column_text][vc_btn title=&#8221;Conoce m\u00e1s&#8221; style=&#8221;outline-custom&#8221; outline_custom_color=&#8221;#666666&#8243; outline_custom_hover_background=&#8221;#d7bb66&#8243; outline_custom_hover_text=&#8221;#ffffff&#8221; shape=&#8221;square&#8221; i_align=&#8221;right&#8221; i_icon_fontawesome=&#8221;fa fa-angle-right&#8221; add_icon=&#8221;true&#8221; link=&#8221;url:https%3A%2F%2Fmezcalcarreno.com%2Falemania%2F%3Fpage_id%3D1981|title:Tradici%C3%B3n%20y%20Herencia||&#8221;][\/vc_column_inner][\/vc_row_inner][\/vc_column][\/vc_row][vc_row][vc_column][vc_row_inner content_placement=&#8221;middle&#8221;][vc_column_inner width=&#8221;1\/2&#8243;][la_heading tag=&#8221;h3&#8243; alignment=&#8221;left&#8221; spacer=&#8221;line&#8221; spacer_position=&#8221;middle&#8221; line_height=&#8221;1&#8243; title=&#8221;Mezcal-Prozess&#8221; line_width=&#8221;lg:100px;&#8221; line_class=&#8221;margin-top-25 margin-bottom-20&#8243; title_fz=&#8221;lg:25px;&#8221;][\/la_heading][vc_column_text]<strong>Mezcal Carre\u00f1o<\/strong> folgt den Produktionsprozessen der Vorfahren und der Handwerker. Die Ausarbeitung wird Schritt f\u00fcr Schritt von Hand mit unseren Mezcal-Meistern durchgef\u00fchrt.[\/vc_column_text][vc_btn title=&#8221;Conoce m\u00e1s&#8221; style=&#8221;outline-custom&#8221; outline_custom_color=&#8221;#666666&#8243; outline_custom_hover_background=&#8221;#d7bb66&#8243; outline_custom_hover_text=&#8221;#ffffff&#8221; shape=&#8221;square&#8221; i_align=&#8221;right&#8221; i_icon_fontawesome=&#8221;fa fa-angle-right&#8221; add_icon=&#8221;true&#8221; link=&#8221;url:https%3A%2F%2Fmezcalcarreno.com%2Falemania%2F%3Fpage_id%3D1983|title:Proceso%20del%20Mezcal||&#8221;][\/vc_column_inner][vc_column_inner width=&#8221;1\/2&#8243;][vc_single_image image=&#8221;2122&#8243; img_size=&#8221;full&#8221; alignment=&#8221;center&#8221;][\/vc_column_inner][\/vc_row_inner][\/vc_column][\/vc_row][vc_row el_class=&#8221;column-reverse&#8221;][vc_column][vc_row_inner content_placement=&#8221;middle&#8221; el_class=&#8221;column-reverse&#8221;][vc_column_inner width=&#8221;2\/3&#8243;][vc_single_image image=&#8221;2010&#8243; img_size=&#8221;full&#8221; alignment=&#8221;center&#8221;][\/vc_column_inner][vc_column_inner width=&#8221;1\/3&#8243;][la_heading tag=&#8221;h3&#8243; alignment=&#8221;left&#8221; spacer=&#8221;line&#8221; spacer_position=&#8221;middle&#8221; line_height=&#8221;1&#8243; title=&#8221;Die Agaven&#8221; line_width=&#8221;lg:100px;&#8221; line_class=&#8221;margin-top-25 margin-bottom-20&#8243; title_fz=&#8221;lg:25px;&#8221;][\/la_heading][vc_column_text]Der Boden, die H\u00f6he, das Klima und die orografischen Bedingungen verleihen der Pflanze diesen einzigartigen Charakter, der mit dem Wissen, das Generationen bei der Herstellung von Mezcal erworben haben, ein einzigartiges Destillat ergibt.[\/vc_column_text][vc_btn title=&#8221;Conoce m\u00e1s&#8221; style=&#8221;outline-custom&#8221; outline_custom_color=&#8221;#666666&#8243; outline_custom_hover_background=&#8221;#d7bb66&#8243; outline_custom_hover_text=&#8221;#ffffff&#8221; shape=&#8221;square&#8221; i_align=&#8221;right&#8221; i_icon_fontawesome=&#8221;fa fa-angle-right&#8221; add_icon=&#8221;true&#8221; link=&#8221;url:https%3A%2F%2Fmezcalcarreno.com%2Falemania%2F%3Fpage_id%3D1985|title:Los%20agaves||&#8221;][\/vc_column_inner][\/vc_row_inner][\/vc_column][\/vc_row][vc_row][vc_column][vc_row_inner content_placement=&#8221;middle&#8221;][vc_column_inner width=&#8221;1\/2&#8243;][la_heading tag=&#8221;h3&#8243; alignment=&#8221;left&#8221; spacer=&#8221;line&#8221; spacer_position=&#8221;middle&#8221; line_height=&#8221;1&#8243; title=&#8221;In Glas gereift&#8221; line_width=&#8221;lg:100px;&#8221; line_class=&#8221;margin-top-25 margin-bottom-20&#8243; title_fz=&#8221;lg:25px;&#8221;][\/la_heading][vc_column_text]<strong>Mezcal Carre\u00f1o<\/strong> bietet Premium-Produkte an, besondere Sorgfalt wurde bei glasreifenden Chargen angewendet, limitierte Auflagen, die in unserem unterirdischen Keller ruhen. Wir laden Sie ein, dieses Getr\u00e4nk der G\u00f6tter zu probieren und herauszufinden, warum es auf dem Markt einzigartig ist.[\/vc_column_text][vc_btn title=&#8221;Conoce m\u00e1s&#8221; style=&#8221;outline-custom&#8221; outline_custom_color=&#8221;#666666&#8243; outline_custom_hover_background=&#8221;#d7bb66&#8243; outline_custom_hover_text=&#8221;#ffffff&#8221; shape=&#8221;square&#8221; i_align=&#8221;right&#8221; i_icon_fontawesome=&#8221;fa fa-angle-right&#8221; add_icon=&#8221;true&#8221; link=&#8221;url:https%3A%2F%2Fmezcalcarreno.com%2Falemania%2F%3Fpage_id%3D1987|title:Madurado%20en%20Vidrio||&#8221;][\/vc_column_inner][vc_column_inner width=&#8221;1\/2&#8243;][vc_single_image image=&#8221;1749&#8243; img_size=&#8221;full&#8221; alignment=&#8221;center&#8221;][\/vc_column_inner][\/vc_row_inner][\/vc_column][\/vc_row][vc_row el_class=&#8221;column-reverse&#8221;][vc_column][vc_row_inner content_placement=&#8221;middle&#8221; el_class=&#8221;column-reverse&#8221;][vc_column_inner width=&#8221;2\/3&#8243;][vc_single_image image=&#8221;1750&#8243; img_size=&#8221;full&#8221; alignment=&#8221;center&#8221;][\/vc_column_inner][vc_column_inner width=&#8221;1\/3&#8243;][la_heading tag=&#8221;h3&#8243; alignment=&#8221;left&#8221; spacer=&#8221;line&#8221; spacer_position=&#8221;middle&#8221; line_height=&#8221;1&#8243; title=&#8221;Frauen von Mezcal&#8221; line_width=&#8221;lg:100px;&#8221; line_class=&#8221;margin-top-25 margin-bottom-20&#8243; title_fz=&#8221;lg:25px;&#8221;][\/la_heading][vc_column_text]Frauen waren schon immer in <strong>Mezcal Carre\u00f1o<\/strong> anwesend, nicht umsonst haben wir ein Ensemble, das ihnen gewidmet ist. Diese Offenheit f\u00fcr Inklusion erm\u00f6glicht es uns, sie in den gesamten Mezcal-Herstellungsprozess einzubeziehen. Sie sind am Anbau von Agaven, der Destillation, dem Verpackungsprozess und sogar der Vermarktung beteiligt.<\/p>\n<p>[\/vc_column_text][vc_btn title=&#8221;Conoce m\u00e1s&#8221; style=&#8221;outline-custom&#8221; outline_custom_color=&#8221;#666666&#8243; outline_custom_hover_background=&#8221;#d7bb66&#8243; outline_custom_hover_text=&#8221;#ffffff&#8221; shape=&#8221;square&#8221; i_align=&#8221;right&#8221; i_icon_fontawesome=&#8221;fa fa-angle-right&#8221; add_icon=&#8221;true&#8221; link=&#8221;url:https%3A%2F%2Fmezcalcarreno.com%2Falemania%2F%3Fpage_id%3D1990|title:Mujeres%20del%20Mezcal||&#8221;][\/vc_column_inner][\/vc_row_inner][\/vc_column][\/vc_row]<\/p>\n","protected":false},"excerpt":{"rendered":"<p>[vc_row full_width=&#8221;stretch_row_content_no_spaces&#8221; content_placement=&#8221;middle&#8221;][vc_column][vc_row_inner content_placement=&#8221;middle&#8221;][vc_column_inner][rev_slider_vc alias=&#8221;cultura-carreno&#8221;][\/vc_column_inner][\/vc_row_inner][\/vc_column][\/vc_row][vc_row full_width=&#8221;stretch_row&#8221;][vc_column][vc_row_inner][vc_column_inner][la_divider height=&#8221;lg:60px;&#8221;][vc_single_image image=&#8221;1257&#8243; alignment=&#8221;center&#8221;][la_divider height=&#8221;lg:60px;&#8221;][\/vc_column_inner][\/vc_row_inner][\/vc_column][\/vc_row][vc_row full_width=&#8221;stretch_row&#8221; el_class=&#8221;column-reverse&#8221;][vc_column][vc_row_inner content_placement=&#8221;middle&#8221; el_class=&#8221;column-reverse&#8221;][vc_column_inner width=&#8221;2\/3&#8243;][vc_single_image image=&#8221;2011&#8243; img_size=&#8221;full&#8221; alignment=&#8221;center&#8221;][\/vc_column_inner][vc_column_inner width=&#8221;1\/3&#8243;][la_heading tag=&#8221;h3&#8243;&hellip;<\/p>\n","protected":false},"author":1,"featured_media":0,"parent":0,"menu_order":0,"comment_status":"closed","ping_status":"closed","template":"","meta":{"spay_email":""},"_links":{"self":[{"href":"https:\/\/mezcalcarreno.com\/alemania\/index.php?rest_route=\/wp\/v2\/pages\/1992"}],"collection":[{"href":"https:\/\/mezcalcarreno.com\/alemania\/index.php?rest_route=\/wp\/v2\/pages"}],"about":[{"href":"https:\/\/mezcalcarreno.com\/alemania\/index.php?rest_route=\/wp\/v2\/types\/page"}],"author":[{"embeddable":true,"href":"https:\/\/mezcalcarreno.com\/alemania\/index.php?rest_route=\/wp\/v2\/users\/1"}],"replies":[{"embeddable":true,"href":"https:\/\/mezcalcarreno.com\/alemania\/index.php?rest_route=%2Fwp%2Fv2%2Fcomments&post=1992"}],"version-history":[{"count":62,"href":"https:\/\/mezcalcarreno.com\/alemania\/index.php?rest_route=\/wp\/v2\/pages\/1992\/revisions"}],"predecessor-version":[{"id":2321,"href":"https:\/\/mezcalcarreno.com\/alemania\/index.php?rest_route=\/wp\/v2\/pages\/1992\/revisions\/2321"}],"wp:attachment":[{"href":"https:\/\/mezcalcarreno.com\/alemania\/index.php?rest_route=%2Fwp%2Fv2%2Fmedia&parent=1992"}],"curies":[{"name":"wp","href":"https:\/\/api.w.org\/{rel}","templated":true}]}}