{"id":1591,"date":"2020-10-29T15:53:41","date_gmt":"2020-10-29T15:53:41","guid":{"rendered":"https:\/\/mezcalcarreno.com\/?post_type=product&#038;p=1591"},"modified":"2021-02-02T17:34:54","modified_gmt":"2021-02-02T23:34:54","slug":"tobasiche","status":"publish","type":"product","link":"https:\/\/mezcalcarreno.com\/alemania\/?product=tobasiche","title":{"rendered":"Tobasiche"},"content":{"rendered":"<p>750 ml<\/p>\n<p><strong>Tobasiche Joven<\/strong><\/p>\n<p>Wir m\u00f6chten, dass Sie Teil unserer Tradition sind und in jedem Schluck Mezcal Carre\u00f1o, hergestellt aus 12 Jahre reifendem Tobasiche, den Geschmack des Landes Oaxaca, die Arbeit indigener H\u00e4nde und das Engagement des Mezcal-Meisters entdecken.<\/p>\n","protected":false},"excerpt":{"rendered":"<p><strong>Tobasiche Joven<\/strong><\/p>\n<p>Wir m\u00f6chten, dass Sie Teil unserer Tradition sind und in jedem Schluck Mezcal Carre\u00f1o, hergestellt aus 12 Jahre reifendem Tobasiche, den Geschmack des Landes Oaxaca, die Arbeit indigener H\u00e4nde und das Engagement des Mezcal-Meisters entdecken.<\/p>\n","protected":false},"featured_media":1702,"comment_status":"open","ping_status":"closed","template":"","meta":{"spay_email":""},"_links":{"self":[{"href":"https:\/\/mezcalcarreno.com\/alemania\/index.php?rest_route=\/wp\/v2\/product\/1591"}],"collection":[{"href":"https:\/\/mezcalcarreno.com\/alemania\/index.php?rest_route=\/wp\/v2\/product"}],"about":[{"href":"https:\/\/mezcalcarreno.com\/alemania\/index.php?rest_route=\/wp\/v2\/types\/product"}],"replies":[{"embeddable":true,"href":"https:\/\/mezcalcarreno.com\/alemania\/index.php?rest_route=%2Fwp%2Fv2%2Fcomments&post=1591"}],"wp:featuredmedia":[{"embeddable":true,"href":"https:\/\/mezcalcarreno.com\/alemania\/index.php?rest_route=\/wp\/v2\/media\/1702"}],"wp:attachment":[{"href":"https:\/\/mezcalcarreno.com\/alemania\/index.php?rest_route=%2Fwp%2Fv2%2Fmedia&parent=1591"}],"curies":[{"name":"wp","href":"https:\/\/api.w.org\/{rel}","templated":true}]}}