{"id":1593,"date":"2020-10-29T15:54:42","date_gmt":"2020-10-29T15:54:42","guid":{"rendered":"https:\/\/mezcalcarreno.com\/?post_type=product&#038;p=1593"},"modified":"2021-02-02T17:31:22","modified_gmt":"2021-02-02T23:31:22","slug":"espadin","status":"publish","type":"product","link":"https:\/\/mezcalcarreno.com\/alemania\/?product=espadin","title":{"rendered":"Espadin jung"},"content":{"rendered":"<p>750ml<\/p>\n<p class=\"heading-tag la-unit-responsive\" data-unit-target=\"#la-heading-6019e0afe61d1 .heading-tag\" data-responsive-json-new=\"{&quot;font-size&quot;:&quot;lg:30px;&quot;,&quot;line-height&quot;:&quot;&quot;}\"><strong>Espadin jung<\/strong><\/p>\n<p>Wir m\u00f6chten, dass Sie Teil unserer Tradition sind und in jedem Schluck Mezcal Carre\u00f1o, hergestellt aus dem 8-j\u00e4hrigen Espad\u00edn, den Geschmack des Landes Oaxaca, die Arbeit indigener H\u00e4nde und das Engagement des Mezcal-Meisters entdecken. In jeder Flasche steckt eine tolle Geschichte.<\/p>\n","protected":false},"excerpt":{"rendered":"<p><strong>Espadin jung<\/strong><\/p>\n<p>Wir m\u00f6chten, dass Sie Teil unserer Tradition sind und in jedem Schluck Mezcal Carre\u00f1o, hergestellt aus dem 8-j\u00e4hrigen Espad\u00edn, den Geschmack des Landes Oaxaca, die Arbeit indigener H\u00e4nde und das Engagement des Mezcal-Meisters entdecken. In jeder Flasche steckt eine tolle Geschichte.<\/p>\n","protected":false},"featured_media":1698,"comment_status":"open","ping_status":"closed","template":"","meta":{"spay_email":""},"_links":{"self":[{"href":"https:\/\/mezcalcarreno.com\/alemania\/index.php?rest_route=\/wp\/v2\/product\/1593"}],"collection":[{"href":"https:\/\/mezcalcarreno.com\/alemania\/index.php?rest_route=\/wp\/v2\/product"}],"about":[{"href":"https:\/\/mezcalcarreno.com\/alemania\/index.php?rest_route=\/wp\/v2\/types\/product"}],"replies":[{"embeddable":true,"href":"https:\/\/mezcalcarreno.com\/alemania\/index.php?rest_route=%2Fwp%2Fv2%2Fcomments&post=1593"}],"wp:featuredmedia":[{"embeddable":true,"href":"https:\/\/mezcalcarreno.com\/alemania\/index.php?rest_route=\/wp\/v2\/media\/1698"}],"wp:attachment":[{"href":"https:\/\/mezcalcarreno.com\/alemania\/index.php?rest_route=%2Fwp%2Fv2%2Fmedia&parent=1593"}],"curies":[{"name":"wp","href":"https:\/\/api.w.org\/{rel}","templated":true}]}}