{"id":1594,"date":"2020-10-29T15:55:17","date_gmt":"2020-10-29T15:55:17","guid":{"rendered":"https:\/\/mezcalcarreno.com\/?post_type=product&#038;p=1594"},"modified":"2021-02-02T17:32:25","modified_gmt":"2021-02-02T23:32:25","slug":"naran","status":"publish","type":"product","link":"https:\/\/mezcalcarreno.com\/alemania\/?product=naran","title":{"rendered":"Naran"},"content":{"rendered":"<p>500 ml<\/p>\n<p><strong>Naran<\/strong><\/p>\n<p>Nur die reifen und ausdrucksst\u00e4rksten Agaven werden ausgew\u00e4hlt, um sorgf\u00e4ltig destilliert zu werden und NARAN zu kreieren. Sein Name bedeutet &#8220;Mondfinsternis&#8221; und inspiriert uns, den Frauen von Mezcal Tribut zu zollen, die uns mit ihrer Arbeit den Ausdruck der Erde anbieten, ein Motto, das ist mehr als Worte.<\/p>\n","protected":false},"excerpt":{"rendered":"<p><strong>Naran<\/strong><\/p>\n<p>Nur die reifen und ausdrucksst\u00e4rksten Agaven werden ausgew\u00e4hlt, um sorgf\u00e4ltig destilliert zu werden und NARAN zu kreieren. Sein Name bedeutet &#8220;Mondfinsternis&#8221; und inspiriert uns, den Frauen von Mezcal Tribut zu zollen, die uns mit ihrer Arbeit den Ausdruck der Erde anbieten, ein Motto, das ist mehr als Worte.<\/p>\n","protected":false},"featured_media":1722,"comment_status":"open","ping_status":"closed","template":"","meta":{"spay_email":""},"_links":{"self":[{"href":"https:\/\/mezcalcarreno.com\/alemania\/index.php?rest_route=\/wp\/v2\/product\/1594"}],"collection":[{"href":"https:\/\/mezcalcarreno.com\/alemania\/index.php?rest_route=\/wp\/v2\/product"}],"about":[{"href":"https:\/\/mezcalcarreno.com\/alemania\/index.php?rest_route=\/wp\/v2\/types\/product"}],"replies":[{"embeddable":true,"href":"https:\/\/mezcalcarreno.com\/alemania\/index.php?rest_route=%2Fwp%2Fv2%2Fcomments&post=1594"}],"wp:featuredmedia":[{"embeddable":true,"href":"https:\/\/mezcalcarreno.com\/alemania\/index.php?rest_route=\/wp\/v2\/media\/1722"}],"wp:attachment":[{"href":"https:\/\/mezcalcarreno.com\/alemania\/index.php?rest_route=%2Fwp%2Fv2%2Fmedia&parent=1594"}],"curies":[{"name":"wp","href":"https:\/\/api.w.org\/{rel}","templated":true}]}}